{"id":20495,"date":"2024-12-12T15:51:35","date_gmt":"2024-12-12T14:51:35","guid":{"rendered":"https:\/\/cecotec.es\/cecorent\/?post_type=product&#038;p=20495"},"modified":"2025-02-10T10:43:42","modified_gmt":"2025-02-10T09:43:42","slug":"readywarm-2070-max-ceramic-rotate-smart","status":"publish","type":"product","link":"https:\/\/cecorent.cecotec.es\/cecorent\/readywarm-2070-max-ceramic-rotate-smart\/","title":{"rendered":"ReadyWarm 2070 Max Ceramic Rotate Smart"},"content":{"rendered":"<ul>\n<li>Calefactor cer\u00e1mico con 2000 W de potencia que gracias a su Ceramic Technology es capaz de conseguir un ambiente m\u00e1s c\u00e1lido en la estancia en la cual sea ubicado.<\/li>\n<li>Perfecto para conseguir un ambiente m\u00e1s c\u00e1lido en estancias de unos 20 m\u00b2.<\/li>\n<li>Es capaz de oscilar a 60\u00ba para repartir de manera m\u00e1s homog\u00e9nea el calor por toda la estancia en la cual sea ubicado.<\/li>\n<li>Gracias a su panel de control t\u00e1ctil y su mando a distancia se podr\u00e1 seleccionar el funcionamiento del calefactor de manera c\u00f3moda y sencilla.<\/li>\n<li>Se pueden visualizar todas las configuraciones elegidas en su pantalla LED.<\/li>\n<li>Termostato regulable con 3 modos de funcionamiento.<\/li>\n<li>Temporizador programable hasta 24 horas, gracias al cual se podr\u00e1 seleccionar el tiempo de funcionamiento deseado.<\/li>\n<li>Seguridad total gracias a su triple sistema de seguridad: autoapagado en caso de vuelco, protecci\u00f3n contra sobrecalentamiento y rejilla que impide introducir los dedos dentro del calefactor.<\/li>\n<li>Este producto no es adecuado para calefacci\u00f3n primaria. <\/li>\n<li>Este producto est\u00e1 indicado \u00fanicamente en lugares abrigados o para una utilizaci\u00f3n puntual.<\/li>\n<\/ul>\n","protected":false},"excerpt":{"rendered":"<ul>\n<li>Calefactor. <\/li>\n<li>Mando a distancia.<\/li>\n<li>Manual de instrucciones.<\/li>\n<p><\/lul><\/p>\n","protected":false},"featured_media":20496,"template":"","meta":{"content-type":""},"product_brand":[],"product_cat":[239],"product_tag":[],"class_list":{"0":"post-20495","1":"product","2":"type-product","3":"status-publish","4":"has-post-thumbnail","6":"product_cat-calefactores-ceramicos-de-pie-calefactores-ceramicos-de-pie","8":"first","9":"outofstock","10":"shipping-taxable","11":"purchasable","12":"product-type-variable"},"acf":[],"yoast_head":"<!-- This site is optimized with the Yoast SEO plugin v23.4 - https:\/\/yoast.com\/wordpress\/plugins\/seo\/ -->\n<title>Alquiler de ReadyWarm 2070 Max Ceramic Rotate Smart | CecoRent by Cecotec<\/title>\n<meta name=\"description\" content=\"Disponible el alquiler de ReadyWarm 2070 Max Ceramic Rotate Smart de Cecotec. Alquiler y suscripci\u00f3n con env\u00edo gratuito para toda la Pen\u00ednsula. \u00a1Mejora tu vida con Cecorent hoy!\" \/>\n<meta name=\"robots\" content=\"index, follow, max-snippet:-1, max-image-preview:large, max-video-preview:-1\" \/>\n<link rel=\"canonical\" href=\"https:\/\/cecotec.es\/cecorent\/readywarm-2070-max-ceramic-rotate-smart\/\" \/>\n<meta property=\"og:locale\" content=\"es_ES\" \/>\n<meta property=\"og:type\" content=\"article\" \/>\n<meta property=\"og:title\" content=\"Alquiler de ReadyWarm 2070 Max Ceramic Rotate Smart | CecoRent by Cecotec\" \/>\n<meta property=\"og:description\" content=\"Disponible el alquiler de ReadyWarm 2070 Max Ceramic Rotate Smart de Cecotec. Alquiler y suscripci\u00f3n con env\u00edo gratuito para toda la Pen\u00ednsula. \u00a1Mejora tu vida con Cecorent hoy!\" \/>\n<meta property=\"og:url\" content=\"https:\/\/cecotec.es\/cecorent\/readywarm-2070-max-ceramic-rotate-smart\/\" \/>\n<meta property=\"og:site_name\" content=\"CecoRent\" \/>\n<meta property=\"article:modified_time\" content=\"2025-02-10T09:43:42+00:00\" \/>\n<meta property=\"og:image\" content=\"https:\/\/cecotec.es\/cecorent\/wp-content\/uploads\/2024\/12\/image.png\" \/>\n\t<meta property=\"og:image:width\" content=\"640\" \/>\n\t<meta property=\"og:image:height\" content=\"640\" \/>\n\t<meta property=\"og:image:type\" content=\"image\/png\" \/>\n<meta name=\"twitter:card\" content=\"summary_large_image\" \/>\n<meta name=\"twitter:label1\" content=\"Tiempo de lectura\" \/>\n\t<meta name=\"twitter:data1\" content=\"1 minuto\" \/>\n<script type=\"application\/ld+json\" class=\"yoast-schema-graph\">{\"@context\":\"https:\/\/schema.org\",\"@graph\":[{\"@type\":\"WebPage\",\"@id\":\"https:\/\/cecotec.es\/cecorent\/readywarm-2070-max-ceramic-rotate-smart\/\",\"url\":\"https:\/\/cecotec.es\/cecorent\/readywarm-2070-max-ceramic-rotate-smart\/\",\"name\":\"Alquiler de ReadyWarm 2070 Max Ceramic Rotate Smart | CecoRent by Cecotec\",\"isPartOf\":{\"@id\":\"https:\/\/cecotec.es\/cecorent\/#website\"},\"primaryImageOfPage\":{\"@id\":\"https:\/\/cecotec.es\/cecorent\/readywarm-2070-max-ceramic-rotate-smart\/#primaryimage\"},\"image\":{\"@id\":\"https:\/\/cecotec.es\/cecorent\/readywarm-2070-max-ceramic-rotate-smart\/#primaryimage\"},\"thumbnailUrl\":\"https:\/\/cecorent.cecotec.es\/cecorent\/wp-content\/uploads\/2024\/12\/image.png\",\"datePublished\":\"2024-12-12T14:51:35+00:00\",\"dateModified\":\"2025-02-10T09:43:42+00:00\",\"description\":\"Disponible el alquiler de ReadyWarm 2070 Max Ceramic Rotate Smart de Cecotec. Alquiler y suscripci\u00f3n con env\u00edo gratuito para toda la Pen\u00ednsula. \u00a1Mejora tu vida con Cecorent hoy!\",\"breadcrumb\":{\"@id\":\"https:\/\/cecotec.es\/cecorent\/readywarm-2070-max-ceramic-rotate-smart\/#breadcrumb\"},\"inLanguage\":\"es\",\"potentialAction\":[{\"@type\":\"ReadAction\",\"target\":[\"https:\/\/cecotec.es\/cecorent\/readywarm-2070-max-ceramic-rotate-smart\/\"]}]},{\"@type\":\"ImageObject\",\"inLanguage\":\"es\",\"@id\":\"https:\/\/cecotec.es\/cecorent\/readywarm-2070-max-ceramic-rotate-smart\/#primaryimage\",\"url\":\"https:\/\/cecorent.cecotec.es\/cecorent\/wp-content\/uploads\/2024\/12\/image.png\",\"contentUrl\":\"https:\/\/cecorent.cecotec.es\/cecorent\/wp-content\/uploads\/2024\/12\/image.png\",\"width\":640,\"height\":640,\"caption\":\"ReadyWarm 2070 Max Ceramic Rotate Smart\"},{\"@type\":\"BreadcrumbList\",\"@id\":\"https:\/\/cecotec.es\/cecorent\/readywarm-2070-max-ceramic-rotate-smart\/#breadcrumb\",\"itemListElement\":[{\"@type\":\"ListItem\",\"position\":1,\"name\":\"Inicio\",\"item\":\"https:\/\/cecotec.es\/cecorent\/\"},{\"@type\":\"ListItem\",\"position\":2,\"name\":\"Tienda\",\"item\":\"https:\/\/cecotec.es\/cecorent\/tienda\/\"},{\"@type\":\"ListItem\",\"position\":3,\"name\":\"Suscripci\u00f3n\",\"item\":\"https:\/\/cecotec.es\/cecorent\/suscripcion\/\"},{\"@type\":\"ListItem\",\"position\":4,\"name\":\"Ventilaci\u00f3n y Calefacci\u00f3n\",\"item\":\"https:\/\/cecotec.es\/cecorent\/ventilacion-calefaccion-suscripcion\/\"},{\"@type\":\"ListItem\",\"position\":5,\"name\":\"Calefactores cer\u00e1micos de pie\",\"item\":\"https:\/\/cecotec.es\/cecorent\/calefactores-ceramicos-de-pie-calefactores-ceramicos-de-pie\/\"},{\"@type\":\"ListItem\",\"position\":6,\"name\":\"ReadyWarm 2070 Max Ceramic Rotate Smart\"}]},{\"@type\":\"WebSite\",\"@id\":\"https:\/\/cecotec.es\/cecorent\/#website\",\"url\":\"https:\/\/cecotec.es\/cecorent\/\",\"name\":\"CecoRent\",\"description\":\"CecoRent\",\"publisher\":{\"@id\":\"https:\/\/cecotec.es\/cecorent\/#organization\"},\"potentialAction\":[{\"@type\":\"SearchAction\",\"target\":{\"@type\":\"EntryPoint\",\"urlTemplate\":\"https:\/\/cecotec.es\/cecorent\/?s={search_term_string}\"},\"query-input\":{\"@type\":\"PropertyValueSpecification\",\"valueRequired\":true,\"valueName\":\"search_term_string\"}}],\"inLanguage\":\"es\"},{\"@type\":\"Organization\",\"@id\":\"https:\/\/cecotec.es\/cecorent\/#organization\",\"name\":\"CecoRent\",\"url\":\"https:\/\/cecotec.es\/cecorent\/\",\"logo\":{\"@type\":\"ImageObject\",\"inLanguage\":\"es\",\"@id\":\"https:\/\/cecotec.es\/cecorent\/#\/schema\/logo\/image\/\",\"url\":\"https:\/\/cecotec.es\/cecorent\/wp-content\/uploads\/2022\/07\/CECORENT.png\",\"contentUrl\":\"https:\/\/cecotec.es\/cecorent\/wp-content\/uploads\/2022\/07\/CECORENT.png\",\"width\":184,\"height\":24,\"caption\":\"CecoRent\"},\"image\":{\"@id\":\"https:\/\/cecotec.es\/cecorent\/#\/schema\/logo\/image\/\"}}]}<\/script>\n<!-- \/ Yoast SEO plugin. -->","yoast_head_json":{"title":"Alquiler de ReadyWarm 2070 Max Ceramic Rotate Smart | CecoRent by Cecotec","description":"Disponible el alquiler de ReadyWarm 2070 Max Ceramic Rotate Smart de Cecotec. Alquiler y suscripci\u00f3n con env\u00edo gratuito para toda la Pen\u00ednsula. \u00a1Mejora tu vida con Cecorent hoy!","robots":{"index":"index","follow":"follow","max-snippet":"max-snippet:-1","max-image-preview":"max-image-preview:large","max-video-preview":"max-video-preview:-1"},"canonical":"https:\/\/cecotec.es\/cecorent\/readywarm-2070-max-ceramic-rotate-smart\/","og_locale":"es_ES","og_type":"article","og_title":"Alquiler de ReadyWarm 2070 Max Ceramic Rotate Smart | CecoRent by Cecotec","og_description":"Disponible el alquiler de ReadyWarm 2070 Max Ceramic Rotate Smart de Cecotec. Alquiler y suscripci\u00f3n con env\u00edo gratuito para toda la Pen\u00ednsula. \u00a1Mejora tu vida con Cecorent hoy!","og_url":"https:\/\/cecotec.es\/cecorent\/readywarm-2070-max-ceramic-rotate-smart\/","og_site_name":"CecoRent","article_modified_time":"2025-02-10T09:43:42+00:00","og_image":[{"width":640,"height":640,"url":"https:\/\/cecotec.es\/cecorent\/wp-content\/uploads\/2024\/12\/image.png","type":"image\/png"}],"twitter_card":"summary_large_image","twitter_misc":{"Tiempo de lectura":"1 minuto"},"schema":{"@context":"https:\/\/schema.org","@graph":[{"@type":"WebPage","@id":"https:\/\/cecotec.es\/cecorent\/readywarm-2070-max-ceramic-rotate-smart\/","url":"https:\/\/cecotec.es\/cecorent\/readywarm-2070-max-ceramic-rotate-smart\/","name":"Alquiler de ReadyWarm 2070 Max Ceramic Rotate Smart | CecoRent by Cecotec","isPartOf":{"@id":"https:\/\/cecotec.es\/cecorent\/#website"},"primaryImageOfPage":{"@id":"https:\/\/cecotec.es\/cecorent\/readywarm-2070-max-ceramic-rotate-smart\/#primaryimage"},"image":{"@id":"https:\/\/cecotec.es\/cecorent\/readywarm-2070-max-ceramic-rotate-smart\/#primaryimage"},"thumbnailUrl":"https:\/\/cecorent.cecotec.es\/cecorent\/wp-content\/uploads\/2024\/12\/image.png","datePublished":"2024-12-12T14:51:35+00:00","dateModified":"2025-02-10T09:43:42+00:00","description":"Disponible el alquiler de ReadyWarm 2070 Max Ceramic Rotate Smart de Cecotec. Alquiler y suscripci\u00f3n con env\u00edo gratuito para toda la Pen\u00ednsula. \u00a1Mejora tu vida con Cecorent hoy!","breadcrumb":{"@id":"https:\/\/cecotec.es\/cecorent\/readywarm-2070-max-ceramic-rotate-smart\/#breadcrumb"},"inLanguage":"es","potentialAction":[{"@type":"ReadAction","target":["https:\/\/cecotec.es\/cecorent\/readywarm-2070-max-ceramic-rotate-smart\/"]}]},{"@type":"ImageObject","inLanguage":"es","@id":"https:\/\/cecotec.es\/cecorent\/readywarm-2070-max-ceramic-rotate-smart\/#primaryimage","url":"https:\/\/cecorent.cecotec.es\/cecorent\/wp-content\/uploads\/2024\/12\/image.png","contentUrl":"https:\/\/cecorent.cecotec.es\/cecorent\/wp-content\/uploads\/2024\/12\/image.png","width":640,"height":640,"caption":"ReadyWarm 2070 Max Ceramic Rotate Smart"},{"@type":"BreadcrumbList","@id":"https:\/\/cecotec.es\/cecorent\/readywarm-2070-max-ceramic-rotate-smart\/#breadcrumb","itemListElement":[{"@type":"ListItem","position":1,"name":"Inicio","item":"https:\/\/cecotec.es\/cecorent\/"},{"@type":"ListItem","position":2,"name":"Tienda","item":"https:\/\/cecotec.es\/cecorent\/tienda\/"},{"@type":"ListItem","position":3,"name":"Suscripci\u00f3n","item":"https:\/\/cecotec.es\/cecorent\/suscripcion\/"},{"@type":"ListItem","position":4,"name":"Ventilaci\u00f3n y Calefacci\u00f3n","item":"https:\/\/cecotec.es\/cecorent\/ventilacion-calefaccion-suscripcion\/"},{"@type":"ListItem","position":5,"name":"Calefactores cer\u00e1micos de pie","item":"https:\/\/cecotec.es\/cecorent\/calefactores-ceramicos-de-pie-calefactores-ceramicos-de-pie\/"},{"@type":"ListItem","position":6,"name":"ReadyWarm 2070 Max Ceramic Rotate Smart"}]},{"@type":"WebSite","@id":"https:\/\/cecotec.es\/cecorent\/#website","url":"https:\/\/cecotec.es\/cecorent\/","name":"CecoRent","description":"CecoRent","publisher":{"@id":"https:\/\/cecotec.es\/cecorent\/#organization"},"potentialAction":[{"@type":"SearchAction","target":{"@type":"EntryPoint","urlTemplate":"https:\/\/cecotec.es\/cecorent\/?s={search_term_string}"},"query-input":{"@type":"PropertyValueSpecification","valueRequired":true,"valueName":"search_term_string"}}],"inLanguage":"es"},{"@type":"Organization","@id":"https:\/\/cecotec.es\/cecorent\/#organization","name":"CecoRent","url":"https:\/\/cecotec.es\/cecorent\/","logo":{"@type":"ImageObject","inLanguage":"es","@id":"https:\/\/cecotec.es\/cecorent\/#\/schema\/logo\/image\/","url":"https:\/\/cecotec.es\/cecorent\/wp-content\/uploads\/2022\/07\/CECORENT.png","contentUrl":"https:\/\/cecotec.es\/cecorent\/wp-content\/uploads\/2022\/07\/CECORENT.png","width":184,"height":24,"caption":"CecoRent"},"image":{"@id":"https:\/\/cecotec.es\/cecorent\/#\/schema\/logo\/image\/"}}]}},"_links":{"self":[{"href":"https:\/\/cecorent.cecotec.es\/cecorent\/wp-json\/wp\/v2\/product\/20495"}],"collection":[{"href":"https:\/\/cecorent.cecotec.es\/cecorent\/wp-json\/wp\/v2\/product"}],"about":[{"href":"https:\/\/cecorent.cecotec.es\/cecorent\/wp-json\/wp\/v2\/types\/product"}],"wp:featuredmedia":[{"embeddable":true,"href":"https:\/\/cecorent.cecotec.es\/cecorent\/wp-json\/wp\/v2\/media\/20496"}],"wp:attachment":[{"href":"https:\/\/cecorent.cecotec.es\/cecorent\/wp-json\/wp\/v2\/media?parent=20495"}],"wp:term":[{"taxonomy":"product_brand","embeddable":true,"href":"https:\/\/cecorent.cecotec.es\/cecorent\/wp-json\/wp\/v2\/product_brand?post=20495"},{"taxonomy":"product_cat","embeddable":true,"href":"https:\/\/cecorent.cecotec.es\/cecorent\/wp-json\/wp\/v2\/product_cat?post=20495"},{"taxonomy":"product_tag","embeddable":true,"href":"https:\/\/cecorent.cecotec.es\/cecorent\/wp-json\/wp\/v2\/product_tag?post=20495"}],"curies":[{"name":"wp","href":"https:\/\/api.w.org\/{rel}","templated":true}]}}