{"id":20342,"date":"2024-10-24T13:45:17","date_gmt":"2024-10-24T11:45:17","guid":{"rendered":"https:\/\/cecotec.es\/cecorent\/?post_type=product&#038;p=20342"},"modified":"2025-02-10T10:43:31","modified_gmt":"2025-02-10T09:43:31","slug":"ready-warm-8400-bladeless-connected","status":"publish","type":"product","link":"https:\/\/cecorent.cecotec.es\/cecorent\/ready-warm-8400-bladeless-connected\/","title":{"rendered":"Ready Warm 8400 Bladeless Connected"},"content":{"rendered":"<p><lu><\/p>\n<li>El calefactor cuenta con una gran potencia de 1500 W con los que calentar r\u00e1pidamente la estancia en la cual sea ubicado.<\/li>\n<li>Su tecnolog\u00eda bladeless aporta al calefactor una gran distribuci\u00f3n del calor y seguridad en dicho proceso, adem\u00e1s de ser m\u00e1s silencioso y f\u00e1cilmente lavable.<\/li>\n<li>C\u00f3modo control gracias a su conectividad wifi que permite controlar el calefactor desde nuestro smartohone. Tambi\u00e9n dispone de mando a distancia y panel t\u00e1ctil.<\/li>\n<li>Su pantalla LED muestra la temperatura actual de la estancia y gracias a ella se podr\u00e1n seleccionar otras funciones del calefactor.<\/li>\n<li>Cuenta con 3 modos de funcionamiento: modo Ventilador, modo Low (reduce el consumo a 750 W) y modo High (conusmo m\u00e1ximo de 1500 W).<\/li>\n<li>Es capaz de oscilar 60\u00ba para repartir de manera m\u00e1s homogenea el calor por toda la estancia en la cual sea ubicado.<\/li>\n<li>Posee un temporizador de hasta 12 horas, gracias a \u00e9l se podr\u00e1 seleccionar el tiempo de funcionamiento deseado. Se visualiza su configuraci\u00f3n en la pantalla LED.<\/li>\n<li>Seguridad total gracias a su triple sistema seguridad: autoapagado en caso de vuelco, protecci\u00f3n contra sobrecalentamiento y sin aspas, ideal para los ni\u00f1os.<\/li>\n<li>Este producto no es adecuado para calefacci\u00f3n primaria. <\/li>\n<li>Este producto est\u00e1 indicado \u00fanicamente en lugares abrigados o para una utilizaci\u00f3n puntual.<\/li>\n<\/ul>\n","protected":false},"excerpt":{"rendered":"<p><lu><\/p>\n<li>Calefactor. <\/li>\n<li>Manual de instrucciones.<\/li>\n<p><\/lu><\/p>\n","protected":false},"featured_media":20343,"template":"","meta":{"content-type":""},"product_brand":[],"product_cat":[241],"product_tag":[],"class_list":{"0":"post-20342","1":"product","2":"type-product","3":"status-publish","4":"has-post-thumbnail","6":"product_cat-calefactores-ceramicos-de-sobremesa-calefactores-ceramicos-de-pie","8":"first","9":"outofstock","10":"shipping-taxable","11":"purchasable","12":"product-type-variable"},"acf":[],"yoast_head":"<!-- This site is optimized with the Yoast SEO plugin v23.4 - https:\/\/yoast.com\/wordpress\/plugins\/seo\/ -->\n<title>Alquiler de Ready Warm 8400 Bladeless Connected | CecoRent by Cecotec<\/title>\n<meta name=\"description\" content=\"Disponible el alquiler de Ready Warm 8400 Bladeless Connected de Cecotec. Alquiler y suscripci\u00f3n con env\u00edo gratuito para toda la Pen\u00ednsula. \u00a1Mejora tu vida con Cecorent hoy!\" \/>\n<meta name=\"robots\" content=\"index, follow, max-snippet:-1, max-image-preview:large, max-video-preview:-1\" \/>\n<link rel=\"canonical\" href=\"https:\/\/www.cecotec.es\/cecorent\/ready-warm-8400-bladeless-connected\/\" \/>\n<meta property=\"og:locale\" content=\"es_ES\" \/>\n<meta property=\"og:type\" content=\"article\" \/>\n<meta property=\"og:title\" content=\"Alquiler de Ready Warm 8400 Bladeless Connected | CecoRent by Cecotec\" \/>\n<meta property=\"og:description\" content=\"Disponible el alquiler de Ready Warm 8400 Bladeless Connected de Cecotec. Alquiler y suscripci\u00f3n con env\u00edo gratuito para toda la Pen\u00ednsula. \u00a1Mejora tu vida con Cecorent hoy!\" \/>\n<meta property=\"og:url\" content=\"https:\/\/www.cecotec.es\/cecorent\/ready-warm-8400-bladeless-connected\/\" \/>\n<meta property=\"og:site_name\" content=\"CecoRent\" \/>\n<meta property=\"article:modified_time\" content=\"2025-02-10T09:43:31+00:00\" \/>\n<meta property=\"og:image\" content=\"https:\/\/www.cecotec.es\/cecorent\/wp-content\/uploads\/2024\/10\/image-6.png\" \/>\n\t<meta property=\"og:image:width\" content=\"1\" \/>\n\t<meta property=\"og:image:height\" content=\"1\" \/>\n\t<meta property=\"og:image:type\" content=\"image\/png\" \/>\n<meta name=\"twitter:card\" content=\"summary_large_image\" \/>\n<meta name=\"twitter:label1\" content=\"Tiempo de lectura\" \/>\n\t<meta name=\"twitter:data1\" content=\"2 minutos\" \/>\n<script type=\"application\/ld+json\" class=\"yoast-schema-graph\">{\"@context\":\"https:\/\/schema.org\",\"@graph\":[{\"@type\":\"WebPage\",\"@id\":\"https:\/\/www.cecotec.es\/cecorent\/ready-warm-8400-bladeless-connected\/\",\"url\":\"https:\/\/www.cecotec.es\/cecorent\/ready-warm-8400-bladeless-connected\/\",\"name\":\"Alquiler de Ready Warm 8400 Bladeless Connected | CecoRent by Cecotec\",\"isPartOf\":{\"@id\":\"https:\/\/cecotec.es\/cecorent\/#website\"},\"primaryImageOfPage\":{\"@id\":\"https:\/\/www.cecotec.es\/cecorent\/ready-warm-8400-bladeless-connected\/#primaryimage\"},\"image\":{\"@id\":\"https:\/\/www.cecotec.es\/cecorent\/ready-warm-8400-bladeless-connected\/#primaryimage\"},\"thumbnailUrl\":\"https:\/\/cecorent.cecotec.es\/cecorent\/wp-content\/uploads\/2024\/10\/image-6.png\",\"datePublished\":\"2024-10-24T11:45:17+00:00\",\"dateModified\":\"2025-02-10T09:43:31+00:00\",\"description\":\"Disponible el alquiler de Ready Warm 8400 Bladeless Connected de Cecotec. Alquiler y suscripci\u00f3n con env\u00edo gratuito para toda la Pen\u00ednsula. \u00a1Mejora tu vida con Cecorent hoy!\",\"breadcrumb\":{\"@id\":\"https:\/\/www.cecotec.es\/cecorent\/ready-warm-8400-bladeless-connected\/#breadcrumb\"},\"inLanguage\":\"es\",\"potentialAction\":[{\"@type\":\"ReadAction\",\"target\":[\"https:\/\/www.cecotec.es\/cecorent\/ready-warm-8400-bladeless-connected\/\"]}]},{\"@type\":\"ImageObject\",\"inLanguage\":\"es\",\"@id\":\"https:\/\/www.cecotec.es\/cecorent\/ready-warm-8400-bladeless-connected\/#primaryimage\",\"url\":\"https:\/\/cecorent.cecotec.es\/cecorent\/wp-content\/uploads\/2024\/10\/image-6.png\",\"contentUrl\":\"https:\/\/cecorent.cecotec.es\/cecorent\/wp-content\/uploads\/2024\/10\/image-6.png\",\"caption\":\"Ready Warm 8400 Bladeless Connected\"},{\"@type\":\"BreadcrumbList\",\"@id\":\"https:\/\/www.cecotec.es\/cecorent\/ready-warm-8400-bladeless-connected\/#breadcrumb\",\"itemListElement\":[{\"@type\":\"ListItem\",\"position\":1,\"name\":\"Inicio\",\"item\":\"https:\/\/cecotec.es\/cecorent\/\"},{\"@type\":\"ListItem\",\"position\":2,\"name\":\"Tienda\",\"item\":\"https:\/\/cecotec.es\/cecorent\/tienda\/\"},{\"@type\":\"ListItem\",\"position\":3,\"name\":\"Suscripci\u00f3n\",\"item\":\"https:\/\/cecotec.es\/cecorent\/suscripcion\/\"},{\"@type\":\"ListItem\",\"position\":4,\"name\":\"Ventilaci\u00f3n y Calefacci\u00f3n\",\"item\":\"https:\/\/cecotec.es\/cecorent\/ventilacion-calefaccion-suscripcion\/\"},{\"@type\":\"ListItem\",\"position\":5,\"name\":\"Calefactores cer\u00e1micos de sobremesa\",\"item\":\"https:\/\/cecorent.cecotec.es\/cecorent\/calefactores-ceramicos-de-sobremesa-calefactores-ceramicos-de-pie\/\"},{\"@type\":\"ListItem\",\"position\":6,\"name\":\"Ready Warm 8400 Bladeless Connected\"}]},{\"@type\":\"WebSite\",\"@id\":\"https:\/\/cecotec.es\/cecorent\/#website\",\"url\":\"https:\/\/cecotec.es\/cecorent\/\",\"name\":\"CecoRent\",\"description\":\"CecoRent\",\"publisher\":{\"@id\":\"https:\/\/cecotec.es\/cecorent\/#organization\"},\"potentialAction\":[{\"@type\":\"SearchAction\",\"target\":{\"@type\":\"EntryPoint\",\"urlTemplate\":\"https:\/\/cecotec.es\/cecorent\/?s={search_term_string}\"},\"query-input\":{\"@type\":\"PropertyValueSpecification\",\"valueRequired\":true,\"valueName\":\"search_term_string\"}}],\"inLanguage\":\"es\"},{\"@type\":\"Organization\",\"@id\":\"https:\/\/cecotec.es\/cecorent\/#organization\",\"name\":\"CecoRent\",\"url\":\"https:\/\/cecotec.es\/cecorent\/\",\"logo\":{\"@type\":\"ImageObject\",\"inLanguage\":\"es\",\"@id\":\"https:\/\/cecotec.es\/cecorent\/#\/schema\/logo\/image\/\",\"url\":\"https:\/\/cecotec.es\/cecorent\/wp-content\/uploads\/2022\/07\/CECORENT.png\",\"contentUrl\":\"https:\/\/cecotec.es\/cecorent\/wp-content\/uploads\/2022\/07\/CECORENT.png\",\"width\":184,\"height\":24,\"caption\":\"CecoRent\"},\"image\":{\"@id\":\"https:\/\/cecotec.es\/cecorent\/#\/schema\/logo\/image\/\"}}]}<\/script>\n<!-- \/ Yoast SEO plugin. -->","yoast_head_json":{"title":"Alquiler de Ready Warm 8400 Bladeless Connected | CecoRent by Cecotec","description":"Disponible el alquiler de Ready Warm 8400 Bladeless Connected de Cecotec. Alquiler y suscripci\u00f3n con env\u00edo gratuito para toda la Pen\u00ednsula. \u00a1Mejora tu vida con Cecorent hoy!","robots":{"index":"index","follow":"follow","max-snippet":"max-snippet:-1","max-image-preview":"max-image-preview:large","max-video-preview":"max-video-preview:-1"},"canonical":"https:\/\/www.cecotec.es\/cecorent\/ready-warm-8400-bladeless-connected\/","og_locale":"es_ES","og_type":"article","og_title":"Alquiler de Ready Warm 8400 Bladeless Connected | CecoRent by Cecotec","og_description":"Disponible el alquiler de Ready Warm 8400 Bladeless Connected de Cecotec. Alquiler y suscripci\u00f3n con env\u00edo gratuito para toda la Pen\u00ednsula. \u00a1Mejora tu vida con Cecorent hoy!","og_url":"https:\/\/www.cecotec.es\/cecorent\/ready-warm-8400-bladeless-connected\/","og_site_name":"CecoRent","article_modified_time":"2025-02-10T09:43:31+00:00","og_image":[{"url":"https:\/\/www.cecotec.es\/cecorent\/wp-content\/uploads\/2024\/10\/image-6.png","width":1,"height":1,"type":"image\/png"}],"twitter_card":"summary_large_image","twitter_misc":{"Tiempo de lectura":"2 minutos"},"schema":{"@context":"https:\/\/schema.org","@graph":[{"@type":"WebPage","@id":"https:\/\/www.cecotec.es\/cecorent\/ready-warm-8400-bladeless-connected\/","url":"https:\/\/www.cecotec.es\/cecorent\/ready-warm-8400-bladeless-connected\/","name":"Alquiler de Ready Warm 8400 Bladeless Connected | CecoRent by Cecotec","isPartOf":{"@id":"https:\/\/cecotec.es\/cecorent\/#website"},"primaryImageOfPage":{"@id":"https:\/\/www.cecotec.es\/cecorent\/ready-warm-8400-bladeless-connected\/#primaryimage"},"image":{"@id":"https:\/\/www.cecotec.es\/cecorent\/ready-warm-8400-bladeless-connected\/#primaryimage"},"thumbnailUrl":"https:\/\/cecorent.cecotec.es\/cecorent\/wp-content\/uploads\/2024\/10\/image-6.png","datePublished":"2024-10-24T11:45:17+00:00","dateModified":"2025-02-10T09:43:31+00:00","description":"Disponible el alquiler de Ready Warm 8400 Bladeless Connected de Cecotec. Alquiler y suscripci\u00f3n con env\u00edo gratuito para toda la Pen\u00ednsula. \u00a1Mejora tu vida con Cecorent hoy!","breadcrumb":{"@id":"https:\/\/www.cecotec.es\/cecorent\/ready-warm-8400-bladeless-connected\/#breadcrumb"},"inLanguage":"es","potentialAction":[{"@type":"ReadAction","target":["https:\/\/www.cecotec.es\/cecorent\/ready-warm-8400-bladeless-connected\/"]}]},{"@type":"ImageObject","inLanguage":"es","@id":"https:\/\/www.cecotec.es\/cecorent\/ready-warm-8400-bladeless-connected\/#primaryimage","url":"https:\/\/cecorent.cecotec.es\/cecorent\/wp-content\/uploads\/2024\/10\/image-6.png","contentUrl":"https:\/\/cecorent.cecotec.es\/cecorent\/wp-content\/uploads\/2024\/10\/image-6.png","caption":"Ready Warm 8400 Bladeless Connected"},{"@type":"BreadcrumbList","@id":"https:\/\/www.cecotec.es\/cecorent\/ready-warm-8400-bladeless-connected\/#breadcrumb","itemListElement":[{"@type":"ListItem","position":1,"name":"Inicio","item":"https:\/\/cecotec.es\/cecorent\/"},{"@type":"ListItem","position":2,"name":"Tienda","item":"https:\/\/cecotec.es\/cecorent\/tienda\/"},{"@type":"ListItem","position":3,"name":"Suscripci\u00f3n","item":"https:\/\/cecotec.es\/cecorent\/suscripcion\/"},{"@type":"ListItem","position":4,"name":"Ventilaci\u00f3n y Calefacci\u00f3n","item":"https:\/\/cecotec.es\/cecorent\/ventilacion-calefaccion-suscripcion\/"},{"@type":"ListItem","position":5,"name":"Calefactores cer\u00e1micos de sobremesa","item":"https:\/\/cecorent.cecotec.es\/cecorent\/calefactores-ceramicos-de-sobremesa-calefactores-ceramicos-de-pie\/"},{"@type":"ListItem","position":6,"name":"Ready Warm 8400 Bladeless Connected"}]},{"@type":"WebSite","@id":"https:\/\/cecotec.es\/cecorent\/#website","url":"https:\/\/cecotec.es\/cecorent\/","name":"CecoRent","description":"CecoRent","publisher":{"@id":"https:\/\/cecotec.es\/cecorent\/#organization"},"potentialAction":[{"@type":"SearchAction","target":{"@type":"EntryPoint","urlTemplate":"https:\/\/cecotec.es\/cecorent\/?s={search_term_string}"},"query-input":{"@type":"PropertyValueSpecification","valueRequired":true,"valueName":"search_term_string"}}],"inLanguage":"es"},{"@type":"Organization","@id":"https:\/\/cecotec.es\/cecorent\/#organization","name":"CecoRent","url":"https:\/\/cecotec.es\/cecorent\/","logo":{"@type":"ImageObject","inLanguage":"es","@id":"https:\/\/cecotec.es\/cecorent\/#\/schema\/logo\/image\/","url":"https:\/\/cecotec.es\/cecorent\/wp-content\/uploads\/2022\/07\/CECORENT.png","contentUrl":"https:\/\/cecotec.es\/cecorent\/wp-content\/uploads\/2022\/07\/CECORENT.png","width":184,"height":24,"caption":"CecoRent"},"image":{"@id":"https:\/\/cecotec.es\/cecorent\/#\/schema\/logo\/image\/"}}]}},"_links":{"self":[{"href":"https:\/\/cecorent.cecotec.es\/cecorent\/wp-json\/wp\/v2\/product\/20342"}],"collection":[{"href":"https:\/\/cecorent.cecotec.es\/cecorent\/wp-json\/wp\/v2\/product"}],"about":[{"href":"https:\/\/cecorent.cecotec.es\/cecorent\/wp-json\/wp\/v2\/types\/product"}],"wp:featuredmedia":[{"embeddable":true,"href":"https:\/\/cecorent.cecotec.es\/cecorent\/wp-json\/wp\/v2\/media\/20343"}],"wp:attachment":[{"href":"https:\/\/cecorent.cecotec.es\/cecorent\/wp-json\/wp\/v2\/media?parent=20342"}],"wp:term":[{"taxonomy":"product_brand","embeddable":true,"href":"https:\/\/cecorent.cecotec.es\/cecorent\/wp-json\/wp\/v2\/product_brand?post=20342"},{"taxonomy":"product_cat","embeddable":true,"href":"https:\/\/cecorent.cecotec.es\/cecorent\/wp-json\/wp\/v2\/product_cat?post=20342"},{"taxonomy":"product_tag","embeddable":true,"href":"https:\/\/cecorent.cecotec.es\/cecorent\/wp-json\/wp\/v2\/product_tag?post=20342"}],"curies":[{"name":"wp","href":"https:\/\/api.w.org\/{rel}","templated":true}]}}