{"id":20335,"date":"2024-10-24T13:45:13","date_gmt":"2024-10-24T11:45:13","guid":{"rendered":"https:\/\/cecotec.es\/cecorent\/?post_type=product&#038;p=20335"},"modified":"2025-02-10T10:43:16","modified_gmt":"2025-02-10T09:43:16","slug":"ready-warm-8200-power-quartz-smart","status":"publish","type":"product","link":"https:\/\/cecorent.cecotec.es\/cecorent\/ready-warm-8200-power-quartz-smart\/","title":{"rendered":"Ready Warm 8200 Power Quartz Smart"},"content":{"rendered":"<ul>\n<li>Calefactor hal\u00f3geno para exterior con una potencia de 2000 W para calentar de manera r\u00e1pida y eficaz.<\/li>\n<li>Sistema de calefacci\u00f3n con recubrimiento gold que ofrece una respuesta inmediata y una distribuci\u00f3n del calor concentrada.<\/li>\n<li>Radiaci\u00f3n de calor mediante l\u00e1mpara infrarroja de onda corta para un calentamiento m\u00e1s eficaz.<\/li>\n<li>Cuenta con una gran resistencia frente al polvo y al agua, gracias a la certificaci\u00f3n IP55, que permite su instalaci\u00f3n en exteriores.<\/li>\n<li>Gracias al mando a distancia incluido se puede encender y apagar el dispositivo c\u00f3modamente.<\/li>\n<li>Dise\u00f1o limpio, elegante y robusto con carcasa de acero de gran resistencia para alargar su vida \u00fatil.<\/li>\n<li>Gracias a su sistema de calefacci\u00f3n garantiza la calidez del ambiente.<\/li>\n<li>Incluye kit de montaje con todos los componentes necesarios para instalar el calefactor.<\/li>\n<li>Este producto no es adecuado para calefacci\u00f3n primaria. <\/li>\n<li>Este producto est\u00e1 indicado \u00fanicamente en lugares abrigados o para una utilizaci\u00f3n puntual.<\/li>\n<\/ul>\n","protected":false},"excerpt":{"rendered":"<p><lu><\/p>\n<li>Calefactor. <\/li>\n<li>Kit de instalaci\u00f3n.<\/li>\n<li>Mando a distancia.<\/li>\n<li>Manual de instrucciones.<\/li>\n<p><\/lu><\/p>\n","protected":false},"featured_media":20336,"template":"","meta":{"content-type":""},"product_brand":[],"product_cat":[240],"product_tag":[],"class_list":{"0":"post-20335","1":"product","2":"type-product","3":"status-publish","4":"has-post-thumbnail","6":"product_cat-calefactores-de-exterior-calefactores-ceramicos-de-pie","8":"first","9":"outofstock","10":"shipping-taxable","11":"purchasable","12":"product-type-variable"},"acf":[],"yoast_head":"<!-- This site is optimized with the Yoast SEO plugin v23.4 - https:\/\/yoast.com\/wordpress\/plugins\/seo\/ -->\n<title>Alquiler de Ready Warm 8200 Power Quartz Smart | CecoRent by Cecotec<\/title>\n<meta name=\"description\" content=\"Disponible el alquiler de Ready Warm 8200 Power Quartz Smart de Cecotec. Alquiler y suscripci\u00f3n con env\u00edo gratuito para toda la Pen\u00ednsula. \u00a1Mejora tu vida con Cecorent hoy!\" \/>\n<meta name=\"robots\" content=\"index, follow, max-snippet:-1, max-image-preview:large, max-video-preview:-1\" \/>\n<link rel=\"canonical\" href=\"https:\/\/cecotec.es\/cecorent\/ready-warm-8200-power-quartz-smart\/\" \/>\n<meta property=\"og:locale\" content=\"es_ES\" \/>\n<meta property=\"og:type\" content=\"article\" \/>\n<meta property=\"og:title\" content=\"Alquiler de Ready Warm 8200 Power Quartz Smart | CecoRent by Cecotec\" \/>\n<meta property=\"og:description\" content=\"Disponible el alquiler de Ready Warm 8200 Power Quartz Smart de Cecotec. Alquiler y suscripci\u00f3n con env\u00edo gratuito para toda la Pen\u00ednsula. \u00a1Mejora tu vida con Cecorent hoy!\" \/>\n<meta property=\"og:url\" content=\"https:\/\/cecotec.es\/cecorent\/ready-warm-8200-power-quartz-smart\/\" \/>\n<meta property=\"og:site_name\" content=\"CecoRent\" \/>\n<meta property=\"article:modified_time\" content=\"2025-02-10T09:43:16+00:00\" \/>\n<meta property=\"og:image\" content=\"https:\/\/cecotec.es\/cecorent\/wp-content\/uploads\/2024\/10\/image-5.png\" \/>\n\t<meta property=\"og:image:width\" content=\"1\" \/>\n\t<meta property=\"og:image:height\" content=\"1\" \/>\n\t<meta property=\"og:image:type\" content=\"image\/png\" \/>\n<meta name=\"twitter:card\" content=\"summary_large_image\" \/>\n<meta name=\"twitter:label1\" content=\"Tiempo de lectura\" \/>\n\t<meta name=\"twitter:data1\" content=\"1 minuto\" \/>\n<script type=\"application\/ld+json\" class=\"yoast-schema-graph\">{\"@context\":\"https:\/\/schema.org\",\"@graph\":[{\"@type\":\"WebPage\",\"@id\":\"https:\/\/cecotec.es\/cecorent\/ready-warm-8200-power-quartz-smart\/\",\"url\":\"https:\/\/cecotec.es\/cecorent\/ready-warm-8200-power-quartz-smart\/\",\"name\":\"Alquiler de Ready Warm 8200 Power Quartz Smart | CecoRent by Cecotec\",\"isPartOf\":{\"@id\":\"https:\/\/cecotec.es\/cecorent\/#website\"},\"primaryImageOfPage\":{\"@id\":\"https:\/\/cecotec.es\/cecorent\/ready-warm-8200-power-quartz-smart\/#primaryimage\"},\"image\":{\"@id\":\"https:\/\/cecotec.es\/cecorent\/ready-warm-8200-power-quartz-smart\/#primaryimage\"},\"thumbnailUrl\":\"https:\/\/cecorent.cecotec.es\/cecorent\/wp-content\/uploads\/2024\/10\/image-5.png\",\"datePublished\":\"2024-10-24T11:45:13+00:00\",\"dateModified\":\"2025-02-10T09:43:16+00:00\",\"description\":\"Disponible el alquiler de Ready Warm 8200 Power Quartz Smart de Cecotec. Alquiler y suscripci\u00f3n con env\u00edo gratuito para toda la Pen\u00ednsula. \u00a1Mejora tu vida con Cecorent hoy!\",\"breadcrumb\":{\"@id\":\"https:\/\/cecotec.es\/cecorent\/ready-warm-8200-power-quartz-smart\/#breadcrumb\"},\"inLanguage\":\"es\",\"potentialAction\":[{\"@type\":\"ReadAction\",\"target\":[\"https:\/\/cecotec.es\/cecorent\/ready-warm-8200-power-quartz-smart\/\"]}]},{\"@type\":\"ImageObject\",\"inLanguage\":\"es\",\"@id\":\"https:\/\/cecotec.es\/cecorent\/ready-warm-8200-power-quartz-smart\/#primaryimage\",\"url\":\"https:\/\/cecorent.cecotec.es\/cecorent\/wp-content\/uploads\/2024\/10\/image-5.png\",\"contentUrl\":\"https:\/\/cecorent.cecotec.es\/cecorent\/wp-content\/uploads\/2024\/10\/image-5.png\",\"caption\":\"Ready Warm 8200 Power Quartz Smart\"},{\"@type\":\"BreadcrumbList\",\"@id\":\"https:\/\/cecotec.es\/cecorent\/ready-warm-8200-power-quartz-smart\/#breadcrumb\",\"itemListElement\":[{\"@type\":\"ListItem\",\"position\":1,\"name\":\"Inicio\",\"item\":\"https:\/\/cecotec.es\/cecorent\/\"},{\"@type\":\"ListItem\",\"position\":2,\"name\":\"Tienda\",\"item\":\"https:\/\/cecotec.es\/cecorent\/tienda\/\"},{\"@type\":\"ListItem\",\"position\":3,\"name\":\"Suscripci\u00f3n\",\"item\":\"https:\/\/cecotec.es\/cecorent\/suscripcion\/\"},{\"@type\":\"ListItem\",\"position\":4,\"name\":\"Ventilaci\u00f3n y Calefacci\u00f3n\",\"item\":\"https:\/\/cecotec.es\/cecorent\/ventilacion-calefaccion-suscripcion\/\"},{\"@type\":\"ListItem\",\"position\":5,\"name\":\"Calefactores de exterior\",\"item\":\"https:\/\/cecotec.es\/cecorent\/calefactores-de-exterior-calefactores-ceramicos-de-pie\/\"},{\"@type\":\"ListItem\",\"position\":6,\"name\":\"Ready Warm 8200 Power Quartz Smart\"}]},{\"@type\":\"WebSite\",\"@id\":\"https:\/\/cecotec.es\/cecorent\/#website\",\"url\":\"https:\/\/cecotec.es\/cecorent\/\",\"name\":\"CecoRent\",\"description\":\"CecoRent\",\"publisher\":{\"@id\":\"https:\/\/cecotec.es\/cecorent\/#organization\"},\"potentialAction\":[{\"@type\":\"SearchAction\",\"target\":{\"@type\":\"EntryPoint\",\"urlTemplate\":\"https:\/\/cecotec.es\/cecorent\/?s={search_term_string}\"},\"query-input\":{\"@type\":\"PropertyValueSpecification\",\"valueRequired\":true,\"valueName\":\"search_term_string\"}}],\"inLanguage\":\"es\"},{\"@type\":\"Organization\",\"@id\":\"https:\/\/cecotec.es\/cecorent\/#organization\",\"name\":\"CecoRent\",\"url\":\"https:\/\/cecotec.es\/cecorent\/\",\"logo\":{\"@type\":\"ImageObject\",\"inLanguage\":\"es\",\"@id\":\"https:\/\/cecotec.es\/cecorent\/#\/schema\/logo\/image\/\",\"url\":\"https:\/\/cecotec.es\/cecorent\/wp-content\/uploads\/2022\/07\/CECORENT.png\",\"contentUrl\":\"https:\/\/cecotec.es\/cecorent\/wp-content\/uploads\/2022\/07\/CECORENT.png\",\"width\":184,\"height\":24,\"caption\":\"CecoRent\"},\"image\":{\"@id\":\"https:\/\/cecotec.es\/cecorent\/#\/schema\/logo\/image\/\"}}]}<\/script>\n<!-- \/ Yoast SEO plugin. -->","yoast_head_json":{"title":"Alquiler de Ready Warm 8200 Power Quartz Smart | CecoRent by Cecotec","description":"Disponible el alquiler de Ready Warm 8200 Power Quartz Smart de Cecotec. Alquiler y suscripci\u00f3n con env\u00edo gratuito para toda la Pen\u00ednsula. \u00a1Mejora tu vida con Cecorent hoy!","robots":{"index":"index","follow":"follow","max-snippet":"max-snippet:-1","max-image-preview":"max-image-preview:large","max-video-preview":"max-video-preview:-1"},"canonical":"https:\/\/cecotec.es\/cecorent\/ready-warm-8200-power-quartz-smart\/","og_locale":"es_ES","og_type":"article","og_title":"Alquiler de Ready Warm 8200 Power Quartz Smart | CecoRent by Cecotec","og_description":"Disponible el alquiler de Ready Warm 8200 Power Quartz Smart de Cecotec. Alquiler y suscripci\u00f3n con env\u00edo gratuito para toda la Pen\u00ednsula. \u00a1Mejora tu vida con Cecorent hoy!","og_url":"https:\/\/cecotec.es\/cecorent\/ready-warm-8200-power-quartz-smart\/","og_site_name":"CecoRent","article_modified_time":"2025-02-10T09:43:16+00:00","og_image":[{"url":"https:\/\/cecotec.es\/cecorent\/wp-content\/uploads\/2024\/10\/image-5.png","width":1,"height":1,"type":"image\/png"}],"twitter_card":"summary_large_image","twitter_misc":{"Tiempo de lectura":"1 minuto"},"schema":{"@context":"https:\/\/schema.org","@graph":[{"@type":"WebPage","@id":"https:\/\/cecotec.es\/cecorent\/ready-warm-8200-power-quartz-smart\/","url":"https:\/\/cecotec.es\/cecorent\/ready-warm-8200-power-quartz-smart\/","name":"Alquiler de Ready Warm 8200 Power Quartz Smart | CecoRent by Cecotec","isPartOf":{"@id":"https:\/\/cecotec.es\/cecorent\/#website"},"primaryImageOfPage":{"@id":"https:\/\/cecotec.es\/cecorent\/ready-warm-8200-power-quartz-smart\/#primaryimage"},"image":{"@id":"https:\/\/cecotec.es\/cecorent\/ready-warm-8200-power-quartz-smart\/#primaryimage"},"thumbnailUrl":"https:\/\/cecorent.cecotec.es\/cecorent\/wp-content\/uploads\/2024\/10\/image-5.png","datePublished":"2024-10-24T11:45:13+00:00","dateModified":"2025-02-10T09:43:16+00:00","description":"Disponible el alquiler de Ready Warm 8200 Power Quartz Smart de Cecotec. Alquiler y suscripci\u00f3n con env\u00edo gratuito para toda la Pen\u00ednsula. \u00a1Mejora tu vida con Cecorent hoy!","breadcrumb":{"@id":"https:\/\/cecotec.es\/cecorent\/ready-warm-8200-power-quartz-smart\/#breadcrumb"},"inLanguage":"es","potentialAction":[{"@type":"ReadAction","target":["https:\/\/cecotec.es\/cecorent\/ready-warm-8200-power-quartz-smart\/"]}]},{"@type":"ImageObject","inLanguage":"es","@id":"https:\/\/cecotec.es\/cecorent\/ready-warm-8200-power-quartz-smart\/#primaryimage","url":"https:\/\/cecorent.cecotec.es\/cecorent\/wp-content\/uploads\/2024\/10\/image-5.png","contentUrl":"https:\/\/cecorent.cecotec.es\/cecorent\/wp-content\/uploads\/2024\/10\/image-5.png","caption":"Ready Warm 8200 Power Quartz Smart"},{"@type":"BreadcrumbList","@id":"https:\/\/cecotec.es\/cecorent\/ready-warm-8200-power-quartz-smart\/#breadcrumb","itemListElement":[{"@type":"ListItem","position":1,"name":"Inicio","item":"https:\/\/cecotec.es\/cecorent\/"},{"@type":"ListItem","position":2,"name":"Tienda","item":"https:\/\/cecotec.es\/cecorent\/tienda\/"},{"@type":"ListItem","position":3,"name":"Suscripci\u00f3n","item":"https:\/\/cecotec.es\/cecorent\/suscripcion\/"},{"@type":"ListItem","position":4,"name":"Ventilaci\u00f3n y Calefacci\u00f3n","item":"https:\/\/cecotec.es\/cecorent\/ventilacion-calefaccion-suscripcion\/"},{"@type":"ListItem","position":5,"name":"Calefactores de exterior","item":"https:\/\/cecotec.es\/cecorent\/calefactores-de-exterior-calefactores-ceramicos-de-pie\/"},{"@type":"ListItem","position":6,"name":"Ready Warm 8200 Power Quartz Smart"}]},{"@type":"WebSite","@id":"https:\/\/cecotec.es\/cecorent\/#website","url":"https:\/\/cecotec.es\/cecorent\/","name":"CecoRent","description":"CecoRent","publisher":{"@id":"https:\/\/cecotec.es\/cecorent\/#organization"},"potentialAction":[{"@type":"SearchAction","target":{"@type":"EntryPoint","urlTemplate":"https:\/\/cecotec.es\/cecorent\/?s={search_term_string}"},"query-input":{"@type":"PropertyValueSpecification","valueRequired":true,"valueName":"search_term_string"}}],"inLanguage":"es"},{"@type":"Organization","@id":"https:\/\/cecotec.es\/cecorent\/#organization","name":"CecoRent","url":"https:\/\/cecotec.es\/cecorent\/","logo":{"@type":"ImageObject","inLanguage":"es","@id":"https:\/\/cecotec.es\/cecorent\/#\/schema\/logo\/image\/","url":"https:\/\/cecotec.es\/cecorent\/wp-content\/uploads\/2022\/07\/CECORENT.png","contentUrl":"https:\/\/cecotec.es\/cecorent\/wp-content\/uploads\/2022\/07\/CECORENT.png","width":184,"height":24,"caption":"CecoRent"},"image":{"@id":"https:\/\/cecotec.es\/cecorent\/#\/schema\/logo\/image\/"}}]}},"_links":{"self":[{"href":"https:\/\/cecorent.cecotec.es\/cecorent\/wp-json\/wp\/v2\/product\/20335"}],"collection":[{"href":"https:\/\/cecorent.cecotec.es\/cecorent\/wp-json\/wp\/v2\/product"}],"about":[{"href":"https:\/\/cecorent.cecotec.es\/cecorent\/wp-json\/wp\/v2\/types\/product"}],"wp:featuredmedia":[{"embeddable":true,"href":"https:\/\/cecorent.cecotec.es\/cecorent\/wp-json\/wp\/v2\/media\/20336"}],"wp:attachment":[{"href":"https:\/\/cecorent.cecotec.es\/cecorent\/wp-json\/wp\/v2\/media?parent=20335"}],"wp:term":[{"taxonomy":"product_brand","embeddable":true,"href":"https:\/\/cecorent.cecotec.es\/cecorent\/wp-json\/wp\/v2\/product_brand?post=20335"},{"taxonomy":"product_cat","embeddable":true,"href":"https:\/\/cecorent.cecotec.es\/cecorent\/wp-json\/wp\/v2\/product_cat?post=20335"},{"taxonomy":"product_tag","embeddable":true,"href":"https:\/\/cecorent.cecotec.es\/cecorent\/wp-json\/wp\/v2\/product_tag?post=20335"}],"curies":[{"name":"wp","href":"https:\/\/api.w.org\/{rel}","templated":true}]}}