{"id":20320,"date":"2024-10-24T13:45:04","date_gmt":"2024-10-24T11:45:04","guid":{"rendered":"https:\/\/cecotec.es\/cecorent\/?post_type=product&#038;p=20320"},"modified":"2025-02-10T10:42:36","modified_gmt":"2025-02-10T09:42:36","slug":"readywarm-2000-power-ceiling","status":"publish","type":"product","link":"https:\/\/cecorent.cecotec.es\/cecorent\/readywarm-2000-power-ceiling\/","title":{"rendered":"ReadyWarm 2000 Power Ceiling"},"content":{"rendered":"<ul>\n<lu>Calefactor de exterior con una gran potencia m\u00e1xima de 2000 W.<\/lu><br \/>\n<lu>Tecnolog\u00eda hal\u00f3gena, la cual proporciona un calor agradable e inmediato.<\/lu><br \/>\n<lu>Gracias a su protecci\u00f3n IP34 podr\u00e1s ubicar el calefactor en el exterior con la mayor seguridad y tranquilidad.<\/lu><br \/>\n<lu>Permite seleccionar entre 3 niveles de potencia para adaptarse a todas las necesidades.<\/lu><br \/>\n<lu>Gracias su mando a distancia se podr\u00e1 seleccionar el funcionamiento del calefactor de manera c\u00f3moda y sencilla.<\/lu><br \/>\n<lu>Sistema de suspensi\u00f3n: permite colgar el calefactor del techo de forma c\u00f3moda y segura.<\/lu><br \/>\n<lu>Luz LED independiente: ilumina el espacio en el cual sea ubicado sin necesidad de activar la funci\u00f3n calor.<\/lu><br \/>\n<lu>Dise\u00f1o robusto que aporta una gran estabilidad.<\/lu><br \/>\n<lu>Este producto no es adecuado para calefacci\u00f3n primaria. <\/lu><br \/>\n<lu>Este producto est\u00e1 indicado \u00fanicamente en lugares abrigados o para una utilizaci\u00f3n puntual.<\/lu>\n<\/ul>\n","protected":false},"excerpt":{"rendered":"<p><lu><\/p>\n<li>Calefactor. <\/li>\n<li>Kit de instalaci\u00f3n.<\/li>\n<li>Mando a distancia.<\/li>\n<li>Manual de instrucciones.<\/li>\n<p><\/lu><\/p>\n","protected":false},"featured_media":20321,"template":"","meta":{"content-type":""},"product_brand":[],"product_cat":[240],"product_tag":[],"class_list":{"0":"post-20320","1":"product","2":"type-product","3":"status-publish","4":"has-post-thumbnail","6":"product_cat-calefactores-de-exterior-calefactores-ceramicos-de-pie","8":"first","9":"outofstock","10":"shipping-taxable","11":"purchasable","12":"product-type-variable"},"acf":[],"yoast_head":"<!-- This site is optimized with the Yoast SEO plugin v23.4 - https:\/\/yoast.com\/wordpress\/plugins\/seo\/ -->\n<title>Alquiler de ReadyWarm 2000 Power Ceiling | CecoRent by Cecotec<\/title>\n<meta name=\"description\" content=\"Disponible el alquiler de ReadyWarm 2000 Power Ceiling de Cecotec. Alquiler y suscripci\u00f3n con env\u00edo gratuito para toda la Pen\u00ednsula. \u00a1Mejora tu vida con Cecorent hoy!\" \/>\n<meta name=\"robots\" content=\"index, follow, max-snippet:-1, max-image-preview:large, max-video-preview:-1\" \/>\n<link rel=\"canonical\" href=\"https:\/\/www.cecotec.es\/cecorent\/readywarm-2000-power-ceiling\/\" \/>\n<meta property=\"og:locale\" content=\"es_ES\" \/>\n<meta property=\"og:type\" content=\"article\" \/>\n<meta property=\"og:title\" content=\"Alquiler de ReadyWarm 2000 Power Ceiling | CecoRent by Cecotec\" \/>\n<meta property=\"og:description\" content=\"Disponible el alquiler de ReadyWarm 2000 Power Ceiling de Cecotec. Alquiler y suscripci\u00f3n con env\u00edo gratuito para toda la Pen\u00ednsula. \u00a1Mejora tu vida con Cecorent hoy!\" \/>\n<meta property=\"og:url\" content=\"https:\/\/www.cecotec.es\/cecorent\/readywarm-2000-power-ceiling\/\" \/>\n<meta property=\"og:site_name\" content=\"CecoRent\" \/>\n<meta property=\"article:modified_time\" content=\"2025-02-10T09:42:36+00:00\" \/>\n<meta property=\"og:image\" content=\"https:\/\/www.cecotec.es\/cecorent\/wp-content\/uploads\/2024\/10\/image-1.png\" \/>\n\t<meta property=\"og:image:width\" content=\"1\" \/>\n\t<meta property=\"og:image:height\" content=\"1\" \/>\n\t<meta property=\"og:image:type\" content=\"image\/png\" \/>\n<meta name=\"twitter:card\" content=\"summary_large_image\" \/>\n<meta name=\"twitter:label1\" content=\"Tiempo de lectura\" \/>\n\t<meta name=\"twitter:data1\" content=\"1 minuto\" \/>\n<script type=\"application\/ld+json\" class=\"yoast-schema-graph\">{\"@context\":\"https:\/\/schema.org\",\"@graph\":[{\"@type\":\"WebPage\",\"@id\":\"https:\/\/www.cecotec.es\/cecorent\/readywarm-2000-power-ceiling\/\",\"url\":\"https:\/\/www.cecotec.es\/cecorent\/readywarm-2000-power-ceiling\/\",\"name\":\"Alquiler de ReadyWarm 2000 Power Ceiling | CecoRent by Cecotec\",\"isPartOf\":{\"@id\":\"https:\/\/cecotec.es\/cecorent\/#website\"},\"primaryImageOfPage\":{\"@id\":\"https:\/\/www.cecotec.es\/cecorent\/readywarm-2000-power-ceiling\/#primaryimage\"},\"image\":{\"@id\":\"https:\/\/www.cecotec.es\/cecorent\/readywarm-2000-power-ceiling\/#primaryimage\"},\"thumbnailUrl\":\"https:\/\/cecorent.cecotec.es\/cecorent\/wp-content\/uploads\/2024\/10\/image-1.png\",\"datePublished\":\"2024-10-24T11:45:04+00:00\",\"dateModified\":\"2025-02-10T09:42:36+00:00\",\"description\":\"Disponible el alquiler de ReadyWarm 2000 Power Ceiling de Cecotec. Alquiler y suscripci\u00f3n con env\u00edo gratuito para toda la Pen\u00ednsula. \u00a1Mejora tu vida con Cecorent hoy!\",\"breadcrumb\":{\"@id\":\"https:\/\/www.cecotec.es\/cecorent\/readywarm-2000-power-ceiling\/#breadcrumb\"},\"inLanguage\":\"es\",\"potentialAction\":[{\"@type\":\"ReadAction\",\"target\":[\"https:\/\/www.cecotec.es\/cecorent\/readywarm-2000-power-ceiling\/\"]}]},{\"@type\":\"ImageObject\",\"inLanguage\":\"es\",\"@id\":\"https:\/\/www.cecotec.es\/cecorent\/readywarm-2000-power-ceiling\/#primaryimage\",\"url\":\"https:\/\/cecorent.cecotec.es\/cecorent\/wp-content\/uploads\/2024\/10\/image-1.png\",\"contentUrl\":\"https:\/\/cecorent.cecotec.es\/cecorent\/wp-content\/uploads\/2024\/10\/image-1.png\",\"caption\":\"ReadyWarm 2000 Power Ceiling\"},{\"@type\":\"BreadcrumbList\",\"@id\":\"https:\/\/www.cecotec.es\/cecorent\/readywarm-2000-power-ceiling\/#breadcrumb\",\"itemListElement\":[{\"@type\":\"ListItem\",\"position\":1,\"name\":\"Inicio\",\"item\":\"https:\/\/cecotec.es\/cecorent\/\"},{\"@type\":\"ListItem\",\"position\":2,\"name\":\"Tienda\",\"item\":\"https:\/\/cecotec.es\/cecorent\/tienda\/\"},{\"@type\":\"ListItem\",\"position\":3,\"name\":\"Suscripci\u00f3n\",\"item\":\"https:\/\/cecotec.es\/cecorent\/suscripcion\/\"},{\"@type\":\"ListItem\",\"position\":4,\"name\":\"Ventilaci\u00f3n y Calefacci\u00f3n\",\"item\":\"https:\/\/cecotec.es\/cecorent\/ventilacion-calefaccion-suscripcion\/\"},{\"@type\":\"ListItem\",\"position\":5,\"name\":\"Calefactores de exterior\",\"item\":\"https:\/\/cecotec.es\/cecorent\/calefactores-de-exterior-calefactores-ceramicos-de-pie\/\"},{\"@type\":\"ListItem\",\"position\":6,\"name\":\"ReadyWarm 2000 Power Ceiling\"}]},{\"@type\":\"WebSite\",\"@id\":\"https:\/\/cecotec.es\/cecorent\/#website\",\"url\":\"https:\/\/cecotec.es\/cecorent\/\",\"name\":\"CecoRent\",\"description\":\"CecoRent\",\"publisher\":{\"@id\":\"https:\/\/cecotec.es\/cecorent\/#organization\"},\"potentialAction\":[{\"@type\":\"SearchAction\",\"target\":{\"@type\":\"EntryPoint\",\"urlTemplate\":\"https:\/\/cecotec.es\/cecorent\/?s={search_term_string}\"},\"query-input\":{\"@type\":\"PropertyValueSpecification\",\"valueRequired\":true,\"valueName\":\"search_term_string\"}}],\"inLanguage\":\"es\"},{\"@type\":\"Organization\",\"@id\":\"https:\/\/cecotec.es\/cecorent\/#organization\",\"name\":\"CecoRent\",\"url\":\"https:\/\/cecotec.es\/cecorent\/\",\"logo\":{\"@type\":\"ImageObject\",\"inLanguage\":\"es\",\"@id\":\"https:\/\/cecotec.es\/cecorent\/#\/schema\/logo\/image\/\",\"url\":\"https:\/\/cecotec.es\/cecorent\/wp-content\/uploads\/2022\/07\/CECORENT.png\",\"contentUrl\":\"https:\/\/cecotec.es\/cecorent\/wp-content\/uploads\/2022\/07\/CECORENT.png\",\"width\":184,\"height\":24,\"caption\":\"CecoRent\"},\"image\":{\"@id\":\"https:\/\/cecotec.es\/cecorent\/#\/schema\/logo\/image\/\"}}]}<\/script>\n<!-- \/ Yoast SEO plugin. -->","yoast_head_json":{"title":"Alquiler de ReadyWarm 2000 Power Ceiling | CecoRent by Cecotec","description":"Disponible el alquiler de ReadyWarm 2000 Power Ceiling de Cecotec. Alquiler y suscripci\u00f3n con env\u00edo gratuito para toda la Pen\u00ednsula. \u00a1Mejora tu vida con Cecorent hoy!","robots":{"index":"index","follow":"follow","max-snippet":"max-snippet:-1","max-image-preview":"max-image-preview:large","max-video-preview":"max-video-preview:-1"},"canonical":"https:\/\/www.cecotec.es\/cecorent\/readywarm-2000-power-ceiling\/","og_locale":"es_ES","og_type":"article","og_title":"Alquiler de ReadyWarm 2000 Power Ceiling | CecoRent by Cecotec","og_description":"Disponible el alquiler de ReadyWarm 2000 Power Ceiling de Cecotec. Alquiler y suscripci\u00f3n con env\u00edo gratuito para toda la Pen\u00ednsula. \u00a1Mejora tu vida con Cecorent hoy!","og_url":"https:\/\/www.cecotec.es\/cecorent\/readywarm-2000-power-ceiling\/","og_site_name":"CecoRent","article_modified_time":"2025-02-10T09:42:36+00:00","og_image":[{"url":"https:\/\/www.cecotec.es\/cecorent\/wp-content\/uploads\/2024\/10\/image-1.png","width":1,"height":1,"type":"image\/png"}],"twitter_card":"summary_large_image","twitter_misc":{"Tiempo de lectura":"1 minuto"},"schema":{"@context":"https:\/\/schema.org","@graph":[{"@type":"WebPage","@id":"https:\/\/www.cecotec.es\/cecorent\/readywarm-2000-power-ceiling\/","url":"https:\/\/www.cecotec.es\/cecorent\/readywarm-2000-power-ceiling\/","name":"Alquiler de ReadyWarm 2000 Power Ceiling | CecoRent by Cecotec","isPartOf":{"@id":"https:\/\/cecotec.es\/cecorent\/#website"},"primaryImageOfPage":{"@id":"https:\/\/www.cecotec.es\/cecorent\/readywarm-2000-power-ceiling\/#primaryimage"},"image":{"@id":"https:\/\/www.cecotec.es\/cecorent\/readywarm-2000-power-ceiling\/#primaryimage"},"thumbnailUrl":"https:\/\/cecorent.cecotec.es\/cecorent\/wp-content\/uploads\/2024\/10\/image-1.png","datePublished":"2024-10-24T11:45:04+00:00","dateModified":"2025-02-10T09:42:36+00:00","description":"Disponible el alquiler de ReadyWarm 2000 Power Ceiling de Cecotec. Alquiler y suscripci\u00f3n con env\u00edo gratuito para toda la Pen\u00ednsula. \u00a1Mejora tu vida con Cecorent hoy!","breadcrumb":{"@id":"https:\/\/www.cecotec.es\/cecorent\/readywarm-2000-power-ceiling\/#breadcrumb"},"inLanguage":"es","potentialAction":[{"@type":"ReadAction","target":["https:\/\/www.cecotec.es\/cecorent\/readywarm-2000-power-ceiling\/"]}]},{"@type":"ImageObject","inLanguage":"es","@id":"https:\/\/www.cecotec.es\/cecorent\/readywarm-2000-power-ceiling\/#primaryimage","url":"https:\/\/cecorent.cecotec.es\/cecorent\/wp-content\/uploads\/2024\/10\/image-1.png","contentUrl":"https:\/\/cecorent.cecotec.es\/cecorent\/wp-content\/uploads\/2024\/10\/image-1.png","caption":"ReadyWarm 2000 Power Ceiling"},{"@type":"BreadcrumbList","@id":"https:\/\/www.cecotec.es\/cecorent\/readywarm-2000-power-ceiling\/#breadcrumb","itemListElement":[{"@type":"ListItem","position":1,"name":"Inicio","item":"https:\/\/cecotec.es\/cecorent\/"},{"@type":"ListItem","position":2,"name":"Tienda","item":"https:\/\/cecotec.es\/cecorent\/tienda\/"},{"@type":"ListItem","position":3,"name":"Suscripci\u00f3n","item":"https:\/\/cecotec.es\/cecorent\/suscripcion\/"},{"@type":"ListItem","position":4,"name":"Ventilaci\u00f3n y Calefacci\u00f3n","item":"https:\/\/cecotec.es\/cecorent\/ventilacion-calefaccion-suscripcion\/"},{"@type":"ListItem","position":5,"name":"Calefactores de exterior","item":"https:\/\/cecotec.es\/cecorent\/calefactores-de-exterior-calefactores-ceramicos-de-pie\/"},{"@type":"ListItem","position":6,"name":"ReadyWarm 2000 Power Ceiling"}]},{"@type":"WebSite","@id":"https:\/\/cecotec.es\/cecorent\/#website","url":"https:\/\/cecotec.es\/cecorent\/","name":"CecoRent","description":"CecoRent","publisher":{"@id":"https:\/\/cecotec.es\/cecorent\/#organization"},"potentialAction":[{"@type":"SearchAction","target":{"@type":"EntryPoint","urlTemplate":"https:\/\/cecotec.es\/cecorent\/?s={search_term_string}"},"query-input":{"@type":"PropertyValueSpecification","valueRequired":true,"valueName":"search_term_string"}}],"inLanguage":"es"},{"@type":"Organization","@id":"https:\/\/cecotec.es\/cecorent\/#organization","name":"CecoRent","url":"https:\/\/cecotec.es\/cecorent\/","logo":{"@type":"ImageObject","inLanguage":"es","@id":"https:\/\/cecotec.es\/cecorent\/#\/schema\/logo\/image\/","url":"https:\/\/cecotec.es\/cecorent\/wp-content\/uploads\/2022\/07\/CECORENT.png","contentUrl":"https:\/\/cecotec.es\/cecorent\/wp-content\/uploads\/2022\/07\/CECORENT.png","width":184,"height":24,"caption":"CecoRent"},"image":{"@id":"https:\/\/cecotec.es\/cecorent\/#\/schema\/logo\/image\/"}}]}},"_links":{"self":[{"href":"https:\/\/cecorent.cecotec.es\/cecorent\/wp-json\/wp\/v2\/product\/20320"}],"collection":[{"href":"https:\/\/cecorent.cecotec.es\/cecorent\/wp-json\/wp\/v2\/product"}],"about":[{"href":"https:\/\/cecorent.cecotec.es\/cecorent\/wp-json\/wp\/v2\/types\/product"}],"wp:featuredmedia":[{"embeddable":true,"href":"https:\/\/cecorent.cecotec.es\/cecorent\/wp-json\/wp\/v2\/media\/20321"}],"wp:attachment":[{"href":"https:\/\/cecorent.cecotec.es\/cecorent\/wp-json\/wp\/v2\/media?parent=20320"}],"wp:term":[{"taxonomy":"product_brand","embeddable":true,"href":"https:\/\/cecorent.cecotec.es\/cecorent\/wp-json\/wp\/v2\/product_brand?post=20320"},{"taxonomy":"product_cat","embeddable":true,"href":"https:\/\/cecorent.cecotec.es\/cecorent\/wp-json\/wp\/v2\/product_cat?post=20320"},{"taxonomy":"product_tag","embeddable":true,"href":"https:\/\/cecorent.cecotec.es\/cecorent\/wp-json\/wp\/v2\/product_tag?post=20320"}],"curies":[{"name":"wp","href":"https:\/\/api.w.org\/{rel}","templated":true}]}}