{"id":20271,"date":"2024-10-08T08:25:21","date_gmt":"2024-10-08T07:25:21","guid":{"rendered":"https:\/\/cecotec.es\/cecorent\/?post_type=product&#038;p=20271"},"modified":"2026-03-28T09:46:56","modified_gmt":"2026-03-28T08:46:56","slug":"conga-windroid-1290-doublespray-connected-t","status":"publish","type":"product","link":"https:\/\/cecorent.cecotec.es\/cecorent\/conga-windroid-1290-doublespray-connected-t\/","title":{"rendered":"Conga Windroid 1290 DoubleSpray Connected T"},"content":{"rendered":"<ul>\n<li>APP Control: control total de la limpieza desde la palma de tu mano.<\/li>\n<li>iTech WinSquare: navegaci\u00f3n inteligente que calcula la ruta id\u00f3nea. detecta los l\u00edmites y limpia todo.<\/li>\n<li>Square Design: dise\u00f1o cuadrado que ayuda a limpiar bordes y esquinas. logrando resultados perfectos de forma aut\u00f3noma.<\/li>\n<li>Advance Clean 5: tecnolog\u00eda de limpieza en 5 etapas para un acabado profesional y sin esfuerzos.<\/li>\n<li>ExtraPower Suction:  potente bomba de succi\u00f3n que mantiene adherido el robot al cristal.<\/li>\n<li>5 Clean Modes: 5 modos de limpieza autom\u00e1ticos. limpia en cualquier posici\u00f3n: N. Z.  Z+N. Manual y  pulverizaci\u00f3n.<\/li>\n<li>Limpia todo tipo de superficies: cristales. azulejos. superficies lisas y ventanas interiores y exteriores.<\/li>\n<li>4 Security System: evita ca\u00eddas con sus 4 sistemas de seguridad (alimentaci\u00f3n ininterrumpida. algoritmo de control antica\u00edda. control de vac\u00edo y cuerda de seguridad).<\/li>\n<li>SaveTime: limpia ventanas el doble de r\u00e1pido. Llega a los rincones m\u00e1s dif\u00edciles.<\/li>\n<li>AutoStop System: inicia y para de forma autom\u00e1tica al finalizar la limpieza.<\/li>\n<li>Eco-friendly: pa\u00f1os de limpieza de microfibra de alta calidad reutilizables.<\/li>\n<li>Mando de control remoto a distancia: incluye control manual del robot.<\/li>\n<li>Potencia y velocidad: alta velocidad de limpieza y gran potencia de succi\u00f3n.<\/li>\n<li>Limpieza silenciosa.<\/li>\n<li>Encendido y transporte ergon\u00f3mico: pr\u00e1ctica asa para f\u00e1cil agarre del producto. bot\u00f3n de encendido ergon\u00f3mico.<\/li>\n<\/ul>\n","protected":false},"excerpt":{"rendered":"<ul>\n<li>Robot limpiacristales\n<li>1 cable de alimentaci\u00f3n.<\/li>\n<li>1 cuerda de seguridad.<\/li>\n<li>3 mopas.<\/li>\n<li>Adaptador de corriente.<\/li>\n<li>Botella de llenado.<\/li>\n<li>Mando a distancia.<\/li>\n<li>Manual de instrucciones.<\/li>\n<li>Manual de la app.<\/li>\n<\/ul>\n","protected":false},"featured_media":19733,"template":"","meta":{"content-type":""},"product_brand":[],"product_cat":[158,190],"product_tag":[],"class_list":{"0":"post-20271","1":"product","2":"type-product","3":"status-publish","4":"has-post-thumbnail","6":"product_cat-alquiler","7":"product_cat-aspiradores-limpiacristales","9":"first","10":"instock","11":"shipping-taxable","12":"purchasable","13":"product-type-simple"},"acf":[],"yoast_head":"<!-- This site is optimized with the Yoast SEO plugin v23.4 - https:\/\/yoast.com\/wordpress\/plugins\/seo\/ -->\n<title>Alquiler de Conga Windroid 1290 DoubleSpray Connected T | CecoRent by Cecotec<\/title>\n<meta name=\"description\" content=\"Disponible el alquiler de Conga Windroid 1290 DoubleSpray Connected T de Cecotec. Alquiler y suscripci\u00f3n con env\u00edo gratuito para toda la Pen\u00ednsula. \u00a1Mejora tu vida con Cecorent hoy!\" \/>\n<meta name=\"robots\" content=\"index, follow, max-snippet:-1, max-image-preview:large, max-video-preview:-1\" \/>\n<link rel=\"canonical\" href=\"https:\/\/cecotec.es\/cecorent\/conga-windroid-1290-doublespray-connected-t\/\" \/>\n<meta property=\"og:locale\" content=\"es_ES\" \/>\n<meta property=\"og:type\" content=\"article\" \/>\n<meta property=\"og:title\" content=\"Alquiler de Conga Windroid 1290 DoubleSpray Connected T | CecoRent by Cecotec\" \/>\n<meta property=\"og:description\" content=\"Disponible el alquiler de Conga Windroid 1290 DoubleSpray Connected T de Cecotec. Alquiler y suscripci\u00f3n con env\u00edo gratuito para toda la Pen\u00ednsula. \u00a1Mejora tu vida con Cecorent hoy!\" \/>\n<meta property=\"og:url\" content=\"https:\/\/cecotec.es\/cecorent\/conga-windroid-1290-doublespray-connected-t\/\" \/>\n<meta property=\"og:site_name\" content=\"CecoRent\" \/>\n<meta property=\"article:modified_time\" content=\"2026-03-28T08:46:56+00:00\" \/>\n<meta property=\"og:image\" content=\"https:\/\/cecotec.es\/cecorent\/wp-content\/uploads\/2024\/06\/conga-windroid-1290-doublespray-connected_eu79zf_1.png\" \/>\n\t<meta property=\"og:image:width\" content=\"2048\" \/>\n\t<meta property=\"og:image:height\" content=\"2050\" \/>\n\t<meta property=\"og:image:type\" content=\"image\/png\" \/>\n<meta name=\"twitter:card\" content=\"summary_large_image\" \/>\n<meta name=\"twitter:label1\" content=\"Tiempo de lectura\" \/>\n\t<meta name=\"twitter:data1\" content=\"2 minutos\" \/>\n<script type=\"application\/ld+json\" class=\"yoast-schema-graph\">{\"@context\":\"https:\/\/schema.org\",\"@graph\":[{\"@type\":\"WebPage\",\"@id\":\"https:\/\/cecotec.es\/cecorent\/conga-windroid-1290-doublespray-connected-t\/\",\"url\":\"https:\/\/cecotec.es\/cecorent\/conga-windroid-1290-doublespray-connected-t\/\",\"name\":\"Alquiler de Conga Windroid 1290 DoubleSpray Connected T | CecoRent by Cecotec\",\"isPartOf\":{\"@id\":\"https:\/\/cecotec.es\/cecorent\/#website\"},\"primaryImageOfPage\":{\"@id\":\"https:\/\/cecotec.es\/cecorent\/conga-windroid-1290-doublespray-connected-t\/#primaryimage\"},\"image\":{\"@id\":\"https:\/\/cecotec.es\/cecorent\/conga-windroid-1290-doublespray-connected-t\/#primaryimage\"},\"thumbnailUrl\":\"https:\/\/cecorent.cecotec.es\/cecorent\/wp-content\/uploads\/2024\/06\/conga-windroid-1290-doublespray-connected_eu79zf_1.png\",\"datePublished\":\"2024-10-08T07:25:21+00:00\",\"dateModified\":\"2026-03-28T08:46:56+00:00\",\"description\":\"Disponible el alquiler de Conga Windroid 1290 DoubleSpray Connected T de Cecotec. Alquiler y suscripci\u00f3n con env\u00edo gratuito para toda la Pen\u00ednsula. \u00a1Mejora tu vida con Cecorent hoy!\",\"breadcrumb\":{\"@id\":\"https:\/\/cecotec.es\/cecorent\/conga-windroid-1290-doublespray-connected-t\/#breadcrumb\"},\"inLanguage\":\"es\",\"potentialAction\":[{\"@type\":\"ReadAction\",\"target\":[\"https:\/\/cecotec.es\/cecorent\/conga-windroid-1290-doublespray-connected-t\/\"]}]},{\"@type\":\"ImageObject\",\"inLanguage\":\"es\",\"@id\":\"https:\/\/cecotec.es\/cecorent\/conga-windroid-1290-doublespray-connected-t\/#primaryimage\",\"url\":\"https:\/\/cecorent.cecotec.es\/cecorent\/wp-content\/uploads\/2024\/06\/conga-windroid-1290-doublespray-connected_eu79zf_1.png\",\"contentUrl\":\"https:\/\/cecorent.cecotec.es\/cecorent\/wp-content\/uploads\/2024\/06\/conga-windroid-1290-doublespray-connected_eu79zf_1.png\",\"width\":2048,\"height\":2050},{\"@type\":\"BreadcrumbList\",\"@id\":\"https:\/\/cecotec.es\/cecorent\/conga-windroid-1290-doublespray-connected-t\/#breadcrumb\",\"itemListElement\":[{\"@type\":\"ListItem\",\"position\":1,\"name\":\"Inicio\",\"item\":\"https:\/\/cecotec.es\/cecorent\/\"},{\"@type\":\"ListItem\",\"position\":2,\"name\":\"Tienda\",\"item\":\"https:\/\/cecotec.es\/cecorent\/tienda\/\"},{\"@type\":\"ListItem\",\"position\":3,\"name\":\"Alquiler\",\"item\":\"https:\/\/cecorent.cecotec.es\/cecorent\/alquiler\/\"},{\"@type\":\"ListItem\",\"position\":4,\"name\":\"Aspiradores\",\"item\":\"https:\/\/cecorent.cecotec.es\/cecorent\/aspiracion\/\"},{\"@type\":\"ListItem\",\"position\":5,\"name\":\"Aspiradores limpiacristales\",\"item\":\"https:\/\/cecotec.es\/cecorent\/aspiradores-limpiacristales\/\"},{\"@type\":\"ListItem\",\"position\":6,\"name\":\"Conga Windroid 1290 DoubleSpray Connected T\"}]},{\"@type\":\"WebSite\",\"@id\":\"https:\/\/cecotec.es\/cecorent\/#website\",\"url\":\"https:\/\/cecotec.es\/cecorent\/\",\"name\":\"CecoRent\",\"description\":\"CecoRent\",\"publisher\":{\"@id\":\"https:\/\/cecotec.es\/cecorent\/#organization\"},\"potentialAction\":[{\"@type\":\"SearchAction\",\"target\":{\"@type\":\"EntryPoint\",\"urlTemplate\":\"https:\/\/cecotec.es\/cecorent\/?s={search_term_string}\"},\"query-input\":{\"@type\":\"PropertyValueSpecification\",\"valueRequired\":true,\"valueName\":\"search_term_string\"}}],\"inLanguage\":\"es\"},{\"@type\":\"Organization\",\"@id\":\"https:\/\/cecotec.es\/cecorent\/#organization\",\"name\":\"CecoRent\",\"url\":\"https:\/\/cecotec.es\/cecorent\/\",\"logo\":{\"@type\":\"ImageObject\",\"inLanguage\":\"es\",\"@id\":\"https:\/\/cecotec.es\/cecorent\/#\/schema\/logo\/image\/\",\"url\":\"https:\/\/cecotec.es\/cecorent\/wp-content\/uploads\/2022\/07\/CECORENT.png\",\"contentUrl\":\"https:\/\/cecotec.es\/cecorent\/wp-content\/uploads\/2022\/07\/CECORENT.png\",\"width\":184,\"height\":24,\"caption\":\"CecoRent\"},\"image\":{\"@id\":\"https:\/\/cecotec.es\/cecorent\/#\/schema\/logo\/image\/\"}}]}<\/script>\n<!-- \/ Yoast SEO plugin. -->","yoast_head_json":{"title":"Alquiler de Conga Windroid 1290 DoubleSpray Connected T | CecoRent by Cecotec","description":"Disponible el alquiler de Conga Windroid 1290 DoubleSpray Connected T de Cecotec. Alquiler y suscripci\u00f3n con env\u00edo gratuito para toda la Pen\u00ednsula. \u00a1Mejora tu vida con Cecorent hoy!","robots":{"index":"index","follow":"follow","max-snippet":"max-snippet:-1","max-image-preview":"max-image-preview:large","max-video-preview":"max-video-preview:-1"},"canonical":"https:\/\/cecotec.es\/cecorent\/conga-windroid-1290-doublespray-connected-t\/","og_locale":"es_ES","og_type":"article","og_title":"Alquiler de Conga Windroid 1290 DoubleSpray Connected T | CecoRent by Cecotec","og_description":"Disponible el alquiler de Conga Windroid 1290 DoubleSpray Connected T de Cecotec. Alquiler y suscripci\u00f3n con env\u00edo gratuito para toda la Pen\u00ednsula. \u00a1Mejora tu vida con Cecorent hoy!","og_url":"https:\/\/cecotec.es\/cecorent\/conga-windroid-1290-doublespray-connected-t\/","og_site_name":"CecoRent","article_modified_time":"2026-03-28T08:46:56+00:00","og_image":[{"width":2048,"height":2050,"url":"https:\/\/cecotec.es\/cecorent\/wp-content\/uploads\/2024\/06\/conga-windroid-1290-doublespray-connected_eu79zf_1.png","type":"image\/png"}],"twitter_card":"summary_large_image","twitter_misc":{"Tiempo de lectura":"2 minutos"},"schema":{"@context":"https:\/\/schema.org","@graph":[{"@type":"WebPage","@id":"https:\/\/cecotec.es\/cecorent\/conga-windroid-1290-doublespray-connected-t\/","url":"https:\/\/cecotec.es\/cecorent\/conga-windroid-1290-doublespray-connected-t\/","name":"Alquiler de Conga Windroid 1290 DoubleSpray Connected T | CecoRent by Cecotec","isPartOf":{"@id":"https:\/\/cecotec.es\/cecorent\/#website"},"primaryImageOfPage":{"@id":"https:\/\/cecotec.es\/cecorent\/conga-windroid-1290-doublespray-connected-t\/#primaryimage"},"image":{"@id":"https:\/\/cecotec.es\/cecorent\/conga-windroid-1290-doublespray-connected-t\/#primaryimage"},"thumbnailUrl":"https:\/\/cecorent.cecotec.es\/cecorent\/wp-content\/uploads\/2024\/06\/conga-windroid-1290-doublespray-connected_eu79zf_1.png","datePublished":"2024-10-08T07:25:21+00:00","dateModified":"2026-03-28T08:46:56+00:00","description":"Disponible el alquiler de Conga Windroid 1290 DoubleSpray Connected T de Cecotec. Alquiler y suscripci\u00f3n con env\u00edo gratuito para toda la Pen\u00ednsula. \u00a1Mejora tu vida con Cecorent hoy!","breadcrumb":{"@id":"https:\/\/cecotec.es\/cecorent\/conga-windroid-1290-doublespray-connected-t\/#breadcrumb"},"inLanguage":"es","potentialAction":[{"@type":"ReadAction","target":["https:\/\/cecotec.es\/cecorent\/conga-windroid-1290-doublespray-connected-t\/"]}]},{"@type":"ImageObject","inLanguage":"es","@id":"https:\/\/cecotec.es\/cecorent\/conga-windroid-1290-doublespray-connected-t\/#primaryimage","url":"https:\/\/cecorent.cecotec.es\/cecorent\/wp-content\/uploads\/2024\/06\/conga-windroid-1290-doublespray-connected_eu79zf_1.png","contentUrl":"https:\/\/cecorent.cecotec.es\/cecorent\/wp-content\/uploads\/2024\/06\/conga-windroid-1290-doublespray-connected_eu79zf_1.png","width":2048,"height":2050},{"@type":"BreadcrumbList","@id":"https:\/\/cecotec.es\/cecorent\/conga-windroid-1290-doublespray-connected-t\/#breadcrumb","itemListElement":[{"@type":"ListItem","position":1,"name":"Inicio","item":"https:\/\/cecotec.es\/cecorent\/"},{"@type":"ListItem","position":2,"name":"Tienda","item":"https:\/\/cecotec.es\/cecorent\/tienda\/"},{"@type":"ListItem","position":3,"name":"Alquiler","item":"https:\/\/cecorent.cecotec.es\/cecorent\/alquiler\/"},{"@type":"ListItem","position":4,"name":"Aspiradores","item":"https:\/\/cecorent.cecotec.es\/cecorent\/aspiracion\/"},{"@type":"ListItem","position":5,"name":"Aspiradores limpiacristales","item":"https:\/\/cecotec.es\/cecorent\/aspiradores-limpiacristales\/"},{"@type":"ListItem","position":6,"name":"Conga Windroid 1290 DoubleSpray Connected T"}]},{"@type":"WebSite","@id":"https:\/\/cecotec.es\/cecorent\/#website","url":"https:\/\/cecotec.es\/cecorent\/","name":"CecoRent","description":"CecoRent","publisher":{"@id":"https:\/\/cecotec.es\/cecorent\/#organization"},"potentialAction":[{"@type":"SearchAction","target":{"@type":"EntryPoint","urlTemplate":"https:\/\/cecotec.es\/cecorent\/?s={search_term_string}"},"query-input":{"@type":"PropertyValueSpecification","valueRequired":true,"valueName":"search_term_string"}}],"inLanguage":"es"},{"@type":"Organization","@id":"https:\/\/cecotec.es\/cecorent\/#organization","name":"CecoRent","url":"https:\/\/cecotec.es\/cecorent\/","logo":{"@type":"ImageObject","inLanguage":"es","@id":"https:\/\/cecotec.es\/cecorent\/#\/schema\/logo\/image\/","url":"https:\/\/cecotec.es\/cecorent\/wp-content\/uploads\/2022\/07\/CECORENT.png","contentUrl":"https:\/\/cecotec.es\/cecorent\/wp-content\/uploads\/2022\/07\/CECORENT.png","width":184,"height":24,"caption":"CecoRent"},"image":{"@id":"https:\/\/cecotec.es\/cecorent\/#\/schema\/logo\/image\/"}}]}},"_links":{"self":[{"href":"https:\/\/cecorent.cecotec.es\/cecorent\/wp-json\/wp\/v2\/product\/20271"}],"collection":[{"href":"https:\/\/cecorent.cecotec.es\/cecorent\/wp-json\/wp\/v2\/product"}],"about":[{"href":"https:\/\/cecorent.cecotec.es\/cecorent\/wp-json\/wp\/v2\/types\/product"}],"wp:featuredmedia":[{"embeddable":true,"href":"https:\/\/cecorent.cecotec.es\/cecorent\/wp-json\/wp\/v2\/media\/19733"}],"wp:attachment":[{"href":"https:\/\/cecorent.cecotec.es\/cecorent\/wp-json\/wp\/v2\/media?parent=20271"}],"wp:term":[{"taxonomy":"product_brand","embeddable":true,"href":"https:\/\/cecorent.cecotec.es\/cecorent\/wp-json\/wp\/v2\/product_brand?post=20271"},{"taxonomy":"product_cat","embeddable":true,"href":"https:\/\/cecorent.cecotec.es\/cecorent\/wp-json\/wp\/v2\/product_cat?post=20271"},{"taxonomy":"product_tag","embeddable":true,"href":"https:\/\/cecorent.cecotec.es\/cecorent\/wp-json\/wp\/v2\/product_tag?post=20271"}],"curies":[{"name":"wp","href":"https:\/\/api.w.org\/{rel}","templated":true}]}}