{"id":19870,"date":"2024-07-03T17:00:05","date_gmt":"2024-07-03T16:00:05","guid":{"rendered":"https:\/\/cecotec.es\/cecorent\/?post_type=product&#038;p=19870"},"modified":"2025-02-10T10:43:53","modified_gmt":"2025-02-10T09:43:53","slug":"conga-popstar-1500-animal-duo","status":"publish","type":"product","link":"https:\/\/cecorent.cecotec.es\/cecorent\/conga-popstar-1500-animal-duo\/","title":{"rendered":"Conga Popstar 1500 Animal Duo"},"content":{"rendered":"<ul>\n<li>Aspirador 2 en 1: aspirador vertical y de mano para llegar a cualquier rinc\u00f3n.<\/li>\n<li>Cyclonic System: tecnolog\u00eda cicl\u00f3nica sin bolsas siempre como el primer d\u00eda.<\/li>\n<li>UltraPower Technology: gran potencia y consumo reducido de 600 W.<\/li>\n<li>Gran poder de succi\u00f3n: hasta 17 kPa para que nada se te resista.<\/li>\n<li>Filtro de alta eficiencia: filtrado profesional que retiene gran porcentaje de al\u00e9rgenos.<\/li>\n<li>BestFriend Care: incluye accesorio apto para pelos de mascotas.<\/li>\n<li>Cable XXL: 6 metros de radio de acci\u00f3n.<\/li>\n<li>All Surface: creado para todas las superficies.<\/li>\n","protected":false},"excerpt":{"rendered":"<ul>\n<li>Aspirador vertical.<\/li>\n<li>Accesorio para esquinas.<\/li>\n<li>Accesorio para mascotas.<\/li>\n<li>Accesorio para muebles.<\/li>\n<li>Manguera.<\/li>\n<li>Cargador.<\/li>\n<li>Manual de instrucciones.<\/li>\n<\/ul>\n","protected":false},"featured_media":19871,"template":"","meta":{"content-type":""},"product_brand":[],"product_cat":[229],"product_tag":[],"class_list":{"0":"post-19870","1":"product","2":"type-product","3":"status-publish","4":"has-post-thumbnail","6":"product_cat-aspiradores-verticales","8":"first","9":"outofstock","10":"shipping-taxable","11":"purchasable","12":"product-type-simple"},"acf":[],"yoast_head":"<!-- This site is optimized with the Yoast SEO plugin v23.4 - https:\/\/yoast.com\/wordpress\/plugins\/seo\/ -->\n<title>Alquiler de Conga Popstar 1500 Animal Duo | CecoRent by Cecotec<\/title>\n<meta name=\"description\" content=\"Disponible el alquiler de Conga Popstar 1500 Animal Duo de Cecotec. Alquiler y suscripci\u00f3n con env\u00edo gratuito para toda la Pen\u00ednsula. \u00a1Mejora tu vida con Cecorent hoy!\" \/>\n<meta name=\"robots\" content=\"index, follow, max-snippet:-1, max-image-preview:large, max-video-preview:-1\" \/>\n<link rel=\"canonical\" href=\"https:\/\/www.cecotec.es\/cecorent\/conga-popstar-1500-animal-duo\/\" \/>\n<meta property=\"og:locale\" content=\"es_ES\" \/>\n<meta property=\"og:type\" content=\"article\" \/>\n<meta property=\"og:title\" content=\"Alquiler de Conga Popstar 1500 Animal Duo | CecoRent by Cecotec\" \/>\n<meta property=\"og:description\" content=\"Disponible el alquiler de Conga Popstar 1500 Animal Duo de Cecotec. Alquiler y suscripci\u00f3n con env\u00edo gratuito para toda la Pen\u00ednsula. \u00a1Mejora tu vida con Cecorent hoy!\" \/>\n<meta property=\"og:url\" content=\"https:\/\/www.cecotec.es\/cecorent\/conga-popstar-1500-animal-duo\/\" \/>\n<meta property=\"og:site_name\" content=\"CecoRent\" \/>\n<meta property=\"article:modified_time\" content=\"2025-02-10T09:43:53+00:00\" \/>\n<meta property=\"og:image\" content=\"https:\/\/www.cecotec.es\/cecorent\/wp-content\/uploads\/2024\/07\/image-2.png\" \/>\n\t<meta property=\"og:image:width\" content=\"1\" \/>\n\t<meta property=\"og:image:height\" content=\"1\" \/>\n\t<meta property=\"og:image:type\" content=\"image\/png\" \/>\n<meta name=\"twitter:card\" content=\"summary_large_image\" \/>\n<meta name=\"twitter:label1\" content=\"Tiempo de lectura\" \/>\n\t<meta name=\"twitter:data1\" content=\"1 minuto\" \/>\n<script type=\"application\/ld+json\" class=\"yoast-schema-graph\">{\"@context\":\"https:\/\/schema.org\",\"@graph\":[{\"@type\":\"WebPage\",\"@id\":\"https:\/\/www.cecotec.es\/cecorent\/conga-popstar-1500-animal-duo\/\",\"url\":\"https:\/\/www.cecotec.es\/cecorent\/conga-popstar-1500-animal-duo\/\",\"name\":\"Alquiler de Conga Popstar 1500 Animal Duo | CecoRent by Cecotec\",\"isPartOf\":{\"@id\":\"https:\/\/cecotec.es\/cecorent\/#website\"},\"primaryImageOfPage\":{\"@id\":\"https:\/\/www.cecotec.es\/cecorent\/conga-popstar-1500-animal-duo\/#primaryimage\"},\"image\":{\"@id\":\"https:\/\/www.cecotec.es\/cecorent\/conga-popstar-1500-animal-duo\/#primaryimage\"},\"thumbnailUrl\":\"https:\/\/cecorent.cecotec.es\/cecorent\/wp-content\/uploads\/2024\/07\/image-2.png\",\"datePublished\":\"2024-07-03T16:00:05+00:00\",\"dateModified\":\"2025-02-10T09:43:53+00:00\",\"description\":\"Disponible el alquiler de Conga Popstar 1500 Animal Duo de Cecotec. Alquiler y suscripci\u00f3n con env\u00edo gratuito para toda la Pen\u00ednsula. \u00a1Mejora tu vida con Cecorent hoy!\",\"breadcrumb\":{\"@id\":\"https:\/\/www.cecotec.es\/cecorent\/conga-popstar-1500-animal-duo\/#breadcrumb\"},\"inLanguage\":\"es\",\"potentialAction\":[{\"@type\":\"ReadAction\",\"target\":[\"https:\/\/www.cecotec.es\/cecorent\/conga-popstar-1500-animal-duo\/\"]}]},{\"@type\":\"ImageObject\",\"inLanguage\":\"es\",\"@id\":\"https:\/\/www.cecotec.es\/cecorent\/conga-popstar-1500-animal-duo\/#primaryimage\",\"url\":\"https:\/\/cecorent.cecotec.es\/cecorent\/wp-content\/uploads\/2024\/07\/image-2.png\",\"contentUrl\":\"https:\/\/cecorent.cecotec.es\/cecorent\/wp-content\/uploads\/2024\/07\/image-2.png\",\"caption\":\"Conga Popstar 1500 Animal Duo\"},{\"@type\":\"BreadcrumbList\",\"@id\":\"https:\/\/www.cecotec.es\/cecorent\/conga-popstar-1500-animal-duo\/#breadcrumb\",\"itemListElement\":[{\"@type\":\"ListItem\",\"position\":1,\"name\":\"Inicio\",\"item\":\"https:\/\/cecotec.es\/cecorent\/\"},{\"@type\":\"ListItem\",\"position\":2,\"name\":\"Tienda\",\"item\":\"https:\/\/cecotec.es\/cecorent\/tienda\/\"},{\"@type\":\"ListItem\",\"position\":3,\"name\":\"Alquiler\",\"item\":\"https:\/\/cecorent.cecotec.es\/cecorent\/alquiler\/\"},{\"@type\":\"ListItem\",\"position\":4,\"name\":\"Aspiradores\",\"item\":\"https:\/\/cecorent.cecotec.es\/cecorent\/aspiracion\/\"},{\"@type\":\"ListItem\",\"position\":5,\"name\":\"Aspiradores verticales\",\"item\":\"https:\/\/cecorent.cecotec.es\/cecorent\/aspiradores-verticales\/\"},{\"@type\":\"ListItem\",\"position\":6,\"name\":\"Conga Popstar 1500 Animal Duo\"}]},{\"@type\":\"WebSite\",\"@id\":\"https:\/\/cecotec.es\/cecorent\/#website\",\"url\":\"https:\/\/cecotec.es\/cecorent\/\",\"name\":\"CecoRent\",\"description\":\"CecoRent\",\"publisher\":{\"@id\":\"https:\/\/cecotec.es\/cecorent\/#organization\"},\"potentialAction\":[{\"@type\":\"SearchAction\",\"target\":{\"@type\":\"EntryPoint\",\"urlTemplate\":\"https:\/\/cecotec.es\/cecorent\/?s={search_term_string}\"},\"query-input\":{\"@type\":\"PropertyValueSpecification\",\"valueRequired\":true,\"valueName\":\"search_term_string\"}}],\"inLanguage\":\"es\"},{\"@type\":\"Organization\",\"@id\":\"https:\/\/cecotec.es\/cecorent\/#organization\",\"name\":\"CecoRent\",\"url\":\"https:\/\/cecotec.es\/cecorent\/\",\"logo\":{\"@type\":\"ImageObject\",\"inLanguage\":\"es\",\"@id\":\"https:\/\/cecotec.es\/cecorent\/#\/schema\/logo\/image\/\",\"url\":\"https:\/\/cecotec.es\/cecorent\/wp-content\/uploads\/2022\/07\/CECORENT.png\",\"contentUrl\":\"https:\/\/cecotec.es\/cecorent\/wp-content\/uploads\/2022\/07\/CECORENT.png\",\"width\":184,\"height\":24,\"caption\":\"CecoRent\"},\"image\":{\"@id\":\"https:\/\/cecotec.es\/cecorent\/#\/schema\/logo\/image\/\"}}]}<\/script>\n<!-- \/ Yoast SEO plugin. -->","yoast_head_json":{"title":"Alquiler de Conga Popstar 1500 Animal Duo | CecoRent by Cecotec","description":"Disponible el alquiler de Conga Popstar 1500 Animal Duo de Cecotec. Alquiler y suscripci\u00f3n con env\u00edo gratuito para toda la Pen\u00ednsula. \u00a1Mejora tu vida con Cecorent hoy!","robots":{"index":"index","follow":"follow","max-snippet":"max-snippet:-1","max-image-preview":"max-image-preview:large","max-video-preview":"max-video-preview:-1"},"canonical":"https:\/\/www.cecotec.es\/cecorent\/conga-popstar-1500-animal-duo\/","og_locale":"es_ES","og_type":"article","og_title":"Alquiler de Conga Popstar 1500 Animal Duo | CecoRent by Cecotec","og_description":"Disponible el alquiler de Conga Popstar 1500 Animal Duo de Cecotec. Alquiler y suscripci\u00f3n con env\u00edo gratuito para toda la Pen\u00ednsula. \u00a1Mejora tu vida con Cecorent hoy!","og_url":"https:\/\/www.cecotec.es\/cecorent\/conga-popstar-1500-animal-duo\/","og_site_name":"CecoRent","article_modified_time":"2025-02-10T09:43:53+00:00","og_image":[{"url":"https:\/\/www.cecotec.es\/cecorent\/wp-content\/uploads\/2024\/07\/image-2.png","width":1,"height":1,"type":"image\/png"}],"twitter_card":"summary_large_image","twitter_misc":{"Tiempo de lectura":"1 minuto"},"schema":{"@context":"https:\/\/schema.org","@graph":[{"@type":"WebPage","@id":"https:\/\/www.cecotec.es\/cecorent\/conga-popstar-1500-animal-duo\/","url":"https:\/\/www.cecotec.es\/cecorent\/conga-popstar-1500-animal-duo\/","name":"Alquiler de Conga Popstar 1500 Animal Duo | CecoRent by Cecotec","isPartOf":{"@id":"https:\/\/cecotec.es\/cecorent\/#website"},"primaryImageOfPage":{"@id":"https:\/\/www.cecotec.es\/cecorent\/conga-popstar-1500-animal-duo\/#primaryimage"},"image":{"@id":"https:\/\/www.cecotec.es\/cecorent\/conga-popstar-1500-animal-duo\/#primaryimage"},"thumbnailUrl":"https:\/\/cecorent.cecotec.es\/cecorent\/wp-content\/uploads\/2024\/07\/image-2.png","datePublished":"2024-07-03T16:00:05+00:00","dateModified":"2025-02-10T09:43:53+00:00","description":"Disponible el alquiler de Conga Popstar 1500 Animal Duo de Cecotec. Alquiler y suscripci\u00f3n con env\u00edo gratuito para toda la Pen\u00ednsula. \u00a1Mejora tu vida con Cecorent hoy!","breadcrumb":{"@id":"https:\/\/www.cecotec.es\/cecorent\/conga-popstar-1500-animal-duo\/#breadcrumb"},"inLanguage":"es","potentialAction":[{"@type":"ReadAction","target":["https:\/\/www.cecotec.es\/cecorent\/conga-popstar-1500-animal-duo\/"]}]},{"@type":"ImageObject","inLanguage":"es","@id":"https:\/\/www.cecotec.es\/cecorent\/conga-popstar-1500-animal-duo\/#primaryimage","url":"https:\/\/cecorent.cecotec.es\/cecorent\/wp-content\/uploads\/2024\/07\/image-2.png","contentUrl":"https:\/\/cecorent.cecotec.es\/cecorent\/wp-content\/uploads\/2024\/07\/image-2.png","caption":"Conga Popstar 1500 Animal Duo"},{"@type":"BreadcrumbList","@id":"https:\/\/www.cecotec.es\/cecorent\/conga-popstar-1500-animal-duo\/#breadcrumb","itemListElement":[{"@type":"ListItem","position":1,"name":"Inicio","item":"https:\/\/cecotec.es\/cecorent\/"},{"@type":"ListItem","position":2,"name":"Tienda","item":"https:\/\/cecotec.es\/cecorent\/tienda\/"},{"@type":"ListItem","position":3,"name":"Alquiler","item":"https:\/\/cecorent.cecotec.es\/cecorent\/alquiler\/"},{"@type":"ListItem","position":4,"name":"Aspiradores","item":"https:\/\/cecorent.cecotec.es\/cecorent\/aspiracion\/"},{"@type":"ListItem","position":5,"name":"Aspiradores verticales","item":"https:\/\/cecorent.cecotec.es\/cecorent\/aspiradores-verticales\/"},{"@type":"ListItem","position":6,"name":"Conga Popstar 1500 Animal Duo"}]},{"@type":"WebSite","@id":"https:\/\/cecotec.es\/cecorent\/#website","url":"https:\/\/cecotec.es\/cecorent\/","name":"CecoRent","description":"CecoRent","publisher":{"@id":"https:\/\/cecotec.es\/cecorent\/#organization"},"potentialAction":[{"@type":"SearchAction","target":{"@type":"EntryPoint","urlTemplate":"https:\/\/cecotec.es\/cecorent\/?s={search_term_string}"},"query-input":{"@type":"PropertyValueSpecification","valueRequired":true,"valueName":"search_term_string"}}],"inLanguage":"es"},{"@type":"Organization","@id":"https:\/\/cecotec.es\/cecorent\/#organization","name":"CecoRent","url":"https:\/\/cecotec.es\/cecorent\/","logo":{"@type":"ImageObject","inLanguage":"es","@id":"https:\/\/cecotec.es\/cecorent\/#\/schema\/logo\/image\/","url":"https:\/\/cecotec.es\/cecorent\/wp-content\/uploads\/2022\/07\/CECORENT.png","contentUrl":"https:\/\/cecotec.es\/cecorent\/wp-content\/uploads\/2022\/07\/CECORENT.png","width":184,"height":24,"caption":"CecoRent"},"image":{"@id":"https:\/\/cecotec.es\/cecorent\/#\/schema\/logo\/image\/"}}]}},"_links":{"self":[{"href":"https:\/\/cecorent.cecotec.es\/cecorent\/wp-json\/wp\/v2\/product\/19870"}],"collection":[{"href":"https:\/\/cecorent.cecotec.es\/cecorent\/wp-json\/wp\/v2\/product"}],"about":[{"href":"https:\/\/cecorent.cecotec.es\/cecorent\/wp-json\/wp\/v2\/types\/product"}],"wp:featuredmedia":[{"embeddable":true,"href":"https:\/\/cecorent.cecotec.es\/cecorent\/wp-json\/wp\/v2\/media\/19871"}],"wp:attachment":[{"href":"https:\/\/cecorent.cecotec.es\/cecorent\/wp-json\/wp\/v2\/media?parent=19870"}],"wp:term":[{"taxonomy":"product_brand","embeddable":true,"href":"https:\/\/cecorent.cecotec.es\/cecorent\/wp-json\/wp\/v2\/product_brand?post=19870"},{"taxonomy":"product_cat","embeddable":true,"href":"https:\/\/cecorent.cecotec.es\/cecorent\/wp-json\/wp\/v2\/product_cat?post=19870"},{"taxonomy":"product_tag","embeddable":true,"href":"https:\/\/cecorent.cecotec.es\/cecorent\/wp-json\/wp\/v2\/product_tag?post=19870"}],"curies":[{"name":"wp","href":"https:\/\/api.w.org\/{rel}","templated":true}]}}