{"id":19651,"date":"2024-05-29T17:59:51","date_gmt":"2024-05-29T16:59:51","guid":{"rendered":"https:\/\/cecotec.es\/cecorent\/?post_type=product&#038;p=19651"},"modified":"2025-02-27T16:06:05","modified_gmt":"2025-02-27T15:06:05","slug":"bicicleta-electrica-capital","status":"publish","type":"product","link":"https:\/\/cecorent.cecotec.es\/cecorent\/bicicleta-electrica-capital\/","title":{"rendered":"Bicicleta el\u00e9ctrica Capital"},"content":{"rendered":"<ul>\n<li>80 km de autonom\u00eda: recorre grandes distancias sin preocuparte por la bater\u00eda.<\/li>\n<li>Bater\u00eda extra\u00edble 468 Wh (36V13AH): gran potencia de bater\u00eda que permite recorrer largas distancias con cada carga.<\/li>\n<li>Ruedas de 28&#8243;: gran agarre y adherencia para poder circular con seguridad.<\/li>\n<li>Sistema de frenado: Doble freno de disco que aporta la m\u00e1xima seguridad en cada trayecto.<\/li>\n<li>Suspensi\u00f3n delantera: reduce los impactos para que te puedas mover con total comodidad.<\/li>\n<li>Cambio Shimano de 6 velocidades: se adapta a cada trayecto y terreno para reducir el esfuerzo.<\/li>\n<li>Display: controla entre 3 niveles de asistencia, nivel de bater\u00eda, encendido\/apagado, modo peat\u00f3n y luces.<\/li>\n<li>Cuadro de aluminio: ligero y resistente para facilitar los desplazamientos.<\/li>\n<\/ul>\n","protected":false},"excerpt":{"rendered":"<ul>\n<li>Bicicleta.<\/li>\n<li>Herramientas de montaje.<\/li>\n<li>Cargador.<\/li>\n<li>Manual de instrucciones.<\/li>\n<\/ul>\n","protected":false},"featured_media":19656,"template":"","meta":{"content-type":""},"product_brand":[],"product_cat":[197],"product_tag":[],"class_list":{"0":"post-19651","1":"product","2":"type-product","3":"status-publish","4":"has-post-thumbnail","6":"product_cat-movilidad","8":"first","9":"outofstock","10":"shipping-taxable","11":"purchasable","12":"product-type-simple"},"acf":[],"yoast_head":"<!-- This site is optimized with the Yoast SEO plugin v23.4 - https:\/\/yoast.com\/wordpress\/plugins\/seo\/ -->\n<title>Alquiler de Bicicleta el\u00e9ctrica Capital | CecoRent by Cecotec<\/title>\n<meta name=\"description\" content=\"Disponible el alquiler de Bicicleta el\u00e9ctrica Capital de Cecotec. Alquiler y suscripci\u00f3n con env\u00edo gratuito para toda la Pen\u00ednsula. \u00a1Mejora tu vida con Cecorent hoy!\" \/>\n<meta name=\"robots\" content=\"index, follow, max-snippet:-1, max-image-preview:large, max-video-preview:-1\" \/>\n<link rel=\"canonical\" href=\"https:\/\/www.cecotec.es\/cecorent\/bicicleta-electrica-capital\/\" \/>\n<meta property=\"og:locale\" content=\"es_ES\" \/>\n<meta property=\"og:type\" content=\"article\" \/>\n<meta property=\"og:title\" content=\"Alquiler de Bicicleta el\u00e9ctrica Capital | CecoRent by Cecotec\" \/>\n<meta property=\"og:description\" content=\"Disponible el alquiler de Bicicleta el\u00e9ctrica Capital de Cecotec. Alquiler y suscripci\u00f3n con env\u00edo gratuito para toda la Pen\u00ednsula. \u00a1Mejora tu vida con Cecorent hoy!\" \/>\n<meta property=\"og:url\" content=\"https:\/\/www.cecotec.es\/cecorent\/bicicleta-electrica-capital\/\" \/>\n<meta property=\"og:site_name\" content=\"CecoRent\" \/>\n<meta property=\"article:modified_time\" content=\"2025-02-27T15:06:05+00:00\" \/>\n<meta property=\"og:image\" content=\"https:\/\/www.cecotec.es\/cecorent\/wp-content\/uploads\/2024\/05\/bicicleta-electrica-city_yw31nj_1.png\" \/>\n\t<meta property=\"og:image:width\" content=\"2048\" \/>\n\t<meta property=\"og:image:height\" content=\"2048\" \/>\n\t<meta property=\"og:image:type\" content=\"image\/png\" \/>\n<meta name=\"twitter:card\" content=\"summary_large_image\" \/>\n<meta name=\"twitter:label1\" content=\"Tiempo de lectura\" \/>\n\t<meta name=\"twitter:data1\" content=\"1 minuto\" \/>\n<script type=\"application\/ld+json\" class=\"yoast-schema-graph\">{\"@context\":\"https:\/\/schema.org\",\"@graph\":[{\"@type\":\"WebPage\",\"@id\":\"https:\/\/www.cecotec.es\/cecorent\/bicicleta-electrica-capital\/\",\"url\":\"https:\/\/www.cecotec.es\/cecorent\/bicicleta-electrica-capital\/\",\"name\":\"Alquiler de Bicicleta el\u00e9ctrica Capital | CecoRent by Cecotec\",\"isPartOf\":{\"@id\":\"https:\/\/cecotec.es\/cecorent\/#website\"},\"primaryImageOfPage\":{\"@id\":\"https:\/\/www.cecotec.es\/cecorent\/bicicleta-electrica-capital\/#primaryimage\"},\"image\":{\"@id\":\"https:\/\/www.cecotec.es\/cecorent\/bicicleta-electrica-capital\/#primaryimage\"},\"thumbnailUrl\":\"https:\/\/cecorent.cecotec.es\/cecorent\/wp-content\/uploads\/2024\/05\/bicicleta-electrica-city_yw31nj_1.png\",\"datePublished\":\"2024-05-29T16:59:51+00:00\",\"dateModified\":\"2025-02-27T15:06:05+00:00\",\"description\":\"Disponible el alquiler de Bicicleta el\u00e9ctrica Capital de Cecotec. Alquiler y suscripci\u00f3n con env\u00edo gratuito para toda la Pen\u00ednsula. \u00a1Mejora tu vida con Cecorent hoy!\",\"breadcrumb\":{\"@id\":\"https:\/\/www.cecotec.es\/cecorent\/bicicleta-electrica-capital\/#breadcrumb\"},\"inLanguage\":\"es\",\"potentialAction\":[{\"@type\":\"ReadAction\",\"target\":[\"https:\/\/www.cecotec.es\/cecorent\/bicicleta-electrica-capital\/\"]}]},{\"@type\":\"ImageObject\",\"inLanguage\":\"es\",\"@id\":\"https:\/\/www.cecotec.es\/cecorent\/bicicleta-electrica-capital\/#primaryimage\",\"url\":\"https:\/\/cecorent.cecotec.es\/cecorent\/wp-content\/uploads\/2024\/05\/bicicleta-electrica-city_yw31nj_1.png\",\"contentUrl\":\"https:\/\/cecorent.cecotec.es\/cecorent\/wp-content\/uploads\/2024\/05\/bicicleta-electrica-city_yw31nj_1.png\",\"width\":2048,\"height\":2048,\"caption\":\"Bicicleta el\u00e9ctrica Capital\"},{\"@type\":\"BreadcrumbList\",\"@id\":\"https:\/\/www.cecotec.es\/cecorent\/bicicleta-electrica-capital\/#breadcrumb\",\"itemListElement\":[{\"@type\":\"ListItem\",\"position\":1,\"name\":\"Inicio\",\"item\":\"https:\/\/cecotec.es\/cecorent\/\"},{\"@type\":\"ListItem\",\"position\":2,\"name\":\"Tienda\",\"item\":\"https:\/\/cecotec.es\/cecorent\/tienda\/\"},{\"@type\":\"ListItem\",\"position\":3,\"name\":\"Alquiler\",\"item\":\"https:\/\/cecorent.cecotec.es\/cecorent\/alquiler\/\"},{\"@type\":\"ListItem\",\"position\":4,\"name\":\"Movilidad\",\"item\":\"https:\/\/cecotec.es\/cecorent\/movilidad\/\"},{\"@type\":\"ListItem\",\"position\":5,\"name\":\"Bicicleta el\u00e9ctrica Capital\"}]},{\"@type\":\"WebSite\",\"@id\":\"https:\/\/cecotec.es\/cecorent\/#website\",\"url\":\"https:\/\/cecotec.es\/cecorent\/\",\"name\":\"CecoRent\",\"description\":\"CecoRent\",\"publisher\":{\"@id\":\"https:\/\/cecotec.es\/cecorent\/#organization\"},\"potentialAction\":[{\"@type\":\"SearchAction\",\"target\":{\"@type\":\"EntryPoint\",\"urlTemplate\":\"https:\/\/cecotec.es\/cecorent\/?s={search_term_string}\"},\"query-input\":{\"@type\":\"PropertyValueSpecification\",\"valueRequired\":true,\"valueName\":\"search_term_string\"}}],\"inLanguage\":\"es\"},{\"@type\":\"Organization\",\"@id\":\"https:\/\/cecotec.es\/cecorent\/#organization\",\"name\":\"CecoRent\",\"url\":\"https:\/\/cecotec.es\/cecorent\/\",\"logo\":{\"@type\":\"ImageObject\",\"inLanguage\":\"es\",\"@id\":\"https:\/\/cecotec.es\/cecorent\/#\/schema\/logo\/image\/\",\"url\":\"https:\/\/cecotec.es\/cecorent\/wp-content\/uploads\/2022\/07\/CECORENT.png\",\"contentUrl\":\"https:\/\/cecotec.es\/cecorent\/wp-content\/uploads\/2022\/07\/CECORENT.png\",\"width\":184,\"height\":24,\"caption\":\"CecoRent\"},\"image\":{\"@id\":\"https:\/\/cecotec.es\/cecorent\/#\/schema\/logo\/image\/\"}}]}<\/script>\n<!-- \/ Yoast SEO plugin. -->","yoast_head_json":{"title":"Alquiler de Bicicleta el\u00e9ctrica Capital | CecoRent by Cecotec","description":"Disponible el alquiler de Bicicleta el\u00e9ctrica Capital de Cecotec. Alquiler y suscripci\u00f3n con env\u00edo gratuito para toda la Pen\u00ednsula. \u00a1Mejora tu vida con Cecorent hoy!","robots":{"index":"index","follow":"follow","max-snippet":"max-snippet:-1","max-image-preview":"max-image-preview:large","max-video-preview":"max-video-preview:-1"},"canonical":"https:\/\/www.cecotec.es\/cecorent\/bicicleta-electrica-capital\/","og_locale":"es_ES","og_type":"article","og_title":"Alquiler de Bicicleta el\u00e9ctrica Capital | CecoRent by Cecotec","og_description":"Disponible el alquiler de Bicicleta el\u00e9ctrica Capital de Cecotec. Alquiler y suscripci\u00f3n con env\u00edo gratuito para toda la Pen\u00ednsula. \u00a1Mejora tu vida con Cecorent hoy!","og_url":"https:\/\/www.cecotec.es\/cecorent\/bicicleta-electrica-capital\/","og_site_name":"CecoRent","article_modified_time":"2025-02-27T15:06:05+00:00","og_image":[{"width":2048,"height":2048,"url":"https:\/\/www.cecotec.es\/cecorent\/wp-content\/uploads\/2024\/05\/bicicleta-electrica-city_yw31nj_1.png","type":"image\/png"}],"twitter_card":"summary_large_image","twitter_misc":{"Tiempo de lectura":"1 minuto"},"schema":{"@context":"https:\/\/schema.org","@graph":[{"@type":"WebPage","@id":"https:\/\/www.cecotec.es\/cecorent\/bicicleta-electrica-capital\/","url":"https:\/\/www.cecotec.es\/cecorent\/bicicleta-electrica-capital\/","name":"Alquiler de Bicicleta el\u00e9ctrica Capital | CecoRent by Cecotec","isPartOf":{"@id":"https:\/\/cecotec.es\/cecorent\/#website"},"primaryImageOfPage":{"@id":"https:\/\/www.cecotec.es\/cecorent\/bicicleta-electrica-capital\/#primaryimage"},"image":{"@id":"https:\/\/www.cecotec.es\/cecorent\/bicicleta-electrica-capital\/#primaryimage"},"thumbnailUrl":"https:\/\/cecorent.cecotec.es\/cecorent\/wp-content\/uploads\/2024\/05\/bicicleta-electrica-city_yw31nj_1.png","datePublished":"2024-05-29T16:59:51+00:00","dateModified":"2025-02-27T15:06:05+00:00","description":"Disponible el alquiler de Bicicleta el\u00e9ctrica Capital de Cecotec. Alquiler y suscripci\u00f3n con env\u00edo gratuito para toda la Pen\u00ednsula. \u00a1Mejora tu vida con Cecorent hoy!","breadcrumb":{"@id":"https:\/\/www.cecotec.es\/cecorent\/bicicleta-electrica-capital\/#breadcrumb"},"inLanguage":"es","potentialAction":[{"@type":"ReadAction","target":["https:\/\/www.cecotec.es\/cecorent\/bicicleta-electrica-capital\/"]}]},{"@type":"ImageObject","inLanguage":"es","@id":"https:\/\/www.cecotec.es\/cecorent\/bicicleta-electrica-capital\/#primaryimage","url":"https:\/\/cecorent.cecotec.es\/cecorent\/wp-content\/uploads\/2024\/05\/bicicleta-electrica-city_yw31nj_1.png","contentUrl":"https:\/\/cecorent.cecotec.es\/cecorent\/wp-content\/uploads\/2024\/05\/bicicleta-electrica-city_yw31nj_1.png","width":2048,"height":2048,"caption":"Bicicleta el\u00e9ctrica Capital"},{"@type":"BreadcrumbList","@id":"https:\/\/www.cecotec.es\/cecorent\/bicicleta-electrica-capital\/#breadcrumb","itemListElement":[{"@type":"ListItem","position":1,"name":"Inicio","item":"https:\/\/cecotec.es\/cecorent\/"},{"@type":"ListItem","position":2,"name":"Tienda","item":"https:\/\/cecotec.es\/cecorent\/tienda\/"},{"@type":"ListItem","position":3,"name":"Alquiler","item":"https:\/\/cecorent.cecotec.es\/cecorent\/alquiler\/"},{"@type":"ListItem","position":4,"name":"Movilidad","item":"https:\/\/cecotec.es\/cecorent\/movilidad\/"},{"@type":"ListItem","position":5,"name":"Bicicleta el\u00e9ctrica Capital"}]},{"@type":"WebSite","@id":"https:\/\/cecotec.es\/cecorent\/#website","url":"https:\/\/cecotec.es\/cecorent\/","name":"CecoRent","description":"CecoRent","publisher":{"@id":"https:\/\/cecotec.es\/cecorent\/#organization"},"potentialAction":[{"@type":"SearchAction","target":{"@type":"EntryPoint","urlTemplate":"https:\/\/cecotec.es\/cecorent\/?s={search_term_string}"},"query-input":{"@type":"PropertyValueSpecification","valueRequired":true,"valueName":"search_term_string"}}],"inLanguage":"es"},{"@type":"Organization","@id":"https:\/\/cecotec.es\/cecorent\/#organization","name":"CecoRent","url":"https:\/\/cecotec.es\/cecorent\/","logo":{"@type":"ImageObject","inLanguage":"es","@id":"https:\/\/cecotec.es\/cecorent\/#\/schema\/logo\/image\/","url":"https:\/\/cecotec.es\/cecorent\/wp-content\/uploads\/2022\/07\/CECORENT.png","contentUrl":"https:\/\/cecotec.es\/cecorent\/wp-content\/uploads\/2022\/07\/CECORENT.png","width":184,"height":24,"caption":"CecoRent"},"image":{"@id":"https:\/\/cecotec.es\/cecorent\/#\/schema\/logo\/image\/"}}]}},"_links":{"self":[{"href":"https:\/\/cecorent.cecotec.es\/cecorent\/wp-json\/wp\/v2\/product\/19651"}],"collection":[{"href":"https:\/\/cecorent.cecotec.es\/cecorent\/wp-json\/wp\/v2\/product"}],"about":[{"href":"https:\/\/cecorent.cecotec.es\/cecorent\/wp-json\/wp\/v2\/types\/product"}],"wp:featuredmedia":[{"embeddable":true,"href":"https:\/\/cecorent.cecotec.es\/cecorent\/wp-json\/wp\/v2\/media\/19656"}],"wp:attachment":[{"href":"https:\/\/cecorent.cecotec.es\/cecorent\/wp-json\/wp\/v2\/media?parent=19651"}],"wp:term":[{"taxonomy":"product_brand","embeddable":true,"href":"https:\/\/cecorent.cecotec.es\/cecorent\/wp-json\/wp\/v2\/product_brand?post=19651"},{"taxonomy":"product_cat","embeddable":true,"href":"https:\/\/cecorent.cecotec.es\/cecorent\/wp-json\/wp\/v2\/product_cat?post=19651"},{"taxonomy":"product_tag","embeddable":true,"href":"https:\/\/cecorent.cecotec.es\/cecorent\/wp-json\/wp\/v2\/product_tag?post=19651"}],"curies":[{"name":"wp","href":"https:\/\/api.w.org\/{rel}","templated":true}]}}