{"id":16057,"date":"2023-01-16T07:33:12","date_gmt":"2023-01-16T06:33:12","guid":{"rendered":"https:\/\/cecotec.newe.es\/?post_type=product&#038;p=16057"},"modified":"2025-03-20T13:03:23","modified_gmt":"2025-03-20T12:03:23","slug":"drumfit-cycle-6000-pegasus","status":"publish","type":"product","link":"https:\/\/cecorent.cecotec.es\/cecorent\/drumfit-cycle-6000-pegasus\/","title":{"rendered":"DrumFit Cycle 6000 Pegasus"},"content":{"rendered":"<p>Bicicleta est\u00e1tica de resistencia magn\u00e9tica regulable manualmente. Manillar con sensor de frecuencia card\u00edaca y sill\u00edn regulable en altura y distancia. Incluye soporte para dispositivos, ruedas de transporte y estabilizadores.<\/p>\n<ul>\n<li>MagnetSystem: sistema de resistencia magn\u00e9tica mediante imanes que proporcionan una sensaci\u00f3n de pedaleo fluido y natural, minimizando el mantenimiento.<\/li>\n<li>Sistema Silence Fit: proporciona un pedaleo silencioso que no perturba la paz de tu hogar.<\/li>\n<li>Volante de inercia de 6 Kg. Ofrece una intensidad de entrenamiento adaptada a todo tipo de personas.<\/li>\n<li>Niveles de resistencia regulables manualmente, para que elijas un entrenamiento que simule llano o alta monta\u00f1a.<\/li>\n<li>ComfortFit: sill\u00edn regulable, ergon\u00f3mico y acolchado, con un c\u00f3modo manillar para tus entrenamientos de largo recorrido.<\/li>\n<li>Monitor LCD que muestra: tiempo, velocidad, calor\u00edas consumidas, distancia, od\u00f3metro y pulsaciones.<\/li>\n<li>Hands Free: incluye soporte para dispositivos, smartphone, tablet, libro, etc.<\/li>\n<li>Estabilizadores que permiten adaptar la bicicleta a todo tipo de suelos.<\/li>\n<li>Puls\u00f3metro que mide la frecuencia card\u00edaca durante el entrenamiento.<\/li>\n<li>Pedales con calapi\u00e9s para mayor sujeci\u00f3n y seguridad.<\/li>\n<li>F\u00e1cil desplazamiento gracias a sus ruedas de transporte.<\/li>\n<li>Peso m\u00e1ximo de usuario: hasta 120 Kg.<\/li>\n<\/ul>\n","protected":false},"excerpt":{"rendered":"<p><span data-sheets-value=\"{&quot;1&quot;:2,&quot;2&quot;:&quot;Bicicleta est\u00e1tica DrumFit Cycle 6000 Pegasus.nMonitor LCD.nHerramientas.nManual.n2 pilas AAA.&quot;}\" data-sheets-userformat=\"{&quot;2&quot;:13119,&quot;3&quot;:{&quot;1&quot;:0},&quot;4&quot;:{&quot;1&quot;:2,&quot;2&quot;:16777215},&quot;5&quot;:{&quot;1&quot;:[{&quot;1&quot;:2,&quot;2&quot;:0,&quot;5&quot;:{&quot;1&quot;:2,&quot;2&quot;:0}},{&quot;1&quot;:0,&quot;2&quot;:0,&quot;3&quot;:3},{&quot;1&quot;:1,&quot;2&quot;:0,&quot;4&quot;:1}]},&quot;6&quot;:{&quot;1&quot;:[{&quot;1&quot;:2,&quot;2&quot;:0,&quot;5&quot;:{&quot;1&quot;:2,&quot;2&quot;:0}},{&quot;1&quot;:0,&quot;2&quot;:0,&quot;3&quot;:3},{&quot;1&quot;:1,&quot;2&quot;:0,&quot;4&quot;:1}]},&quot;7&quot;:{&quot;1&quot;:[{&quot;1&quot;:2,&quot;2&quot;:0,&quot;5&quot;:{&quot;1&quot;:2,&quot;2&quot;:0}},{&quot;1&quot;:0,&quot;2&quot;:0,&quot;3&quot;:3},{&quot;1&quot;:1,&quot;2&quot;:0,&quot;4&quot;:1}]},&quot;8&quot;:{&quot;1&quot;:[{&quot;1&quot;:2,&quot;2&quot;:0,&quot;5&quot;:{&quot;1&quot;:2,&quot;2&quot;:0}},{&quot;1&quot;:0,&quot;2&quot;:0,&quot;3&quot;:3},{&quot;1&quot;:1,&quot;2&quot;:0,&quot;4&quot;:1}]},&quot;11&quot;:3,&quot;12&quot;:0,&quot;15&quot;:&quot;Calibri&quot;,&quot;16&quot;:9}\">Bicicleta est\u00e1tica DrumFit Cycle 6000 Pegasus.<br \/>\nMonitor LCD.<br \/>\nHerramientas.<br \/>\nManual.<br \/>\n2 pilas AAA.<\/span><\/p>\n","protected":false},"featured_media":16058,"template":"","meta":{"content-type":""},"product_brand":[],"product_cat":[171],"product_tag":[],"class_list":{"0":"post-16057","1":"product","2":"type-product","3":"status-publish","4":"has-post-thumbnail","6":"product_cat-bicicletas-estaticas-e-indoor","8":"first","9":"outofstock","10":"shipping-taxable","11":"purchasable","12":"product-type-variable"},"acf":[],"yoast_head":"<!-- This site is optimized with the Yoast SEO plugin v23.4 - https:\/\/yoast.com\/wordpress\/plugins\/seo\/ -->\n<title>Alquiler de DrumFit Cycle 6000 Pegasus | CecoRent by Cecotec<\/title>\n<meta name=\"description\" content=\"Disponible el alquiler de DrumFit Cycle 6000 Pegasus de Cecotec. Alquiler y suscripci\u00f3n con env\u00edo gratuito para toda la Pen\u00ednsula. \u00a1Mejora tu vida con Cecorent hoy!\" \/>\n<meta name=\"robots\" content=\"index, follow, max-snippet:-1, max-image-preview:large, max-video-preview:-1\" \/>\n<link rel=\"canonical\" href=\"https:\/\/cecotec.es\/cecorent\/drumfit-cycle-6000-pegasus\/\" \/>\n<meta property=\"og:locale\" content=\"es_ES\" \/>\n<meta property=\"og:type\" content=\"article\" \/>\n<meta property=\"og:title\" content=\"Alquiler de DrumFit Cycle 6000 Pegasus | CecoRent by Cecotec\" \/>\n<meta property=\"og:description\" content=\"Disponible el alquiler de DrumFit Cycle 6000 Pegasus de Cecotec. Alquiler y suscripci\u00f3n con env\u00edo gratuito para toda la Pen\u00ednsula. \u00a1Mejora tu vida con Cecorent hoy!\" \/>\n<meta property=\"og:url\" content=\"https:\/\/cecotec.es\/cecorent\/drumfit-cycle-6000-pegasus\/\" \/>\n<meta property=\"og:site_name\" content=\"CecoRent\" \/>\n<meta property=\"article:modified_time\" content=\"2025-03-20T12:03:23+00:00\" \/>\n<meta property=\"og:image\" content=\"https:\/\/cecotec.es\/cecorent\/wp-content\/uploads\/2023\/01\/drumfit-cycle-6000-pegasus_1.png\" \/>\n\t<meta property=\"og:image:width\" content=\"2048\" \/>\n\t<meta property=\"og:image:height\" content=\"2048\" \/>\n\t<meta property=\"og:image:type\" content=\"image\/png\" \/>\n<meta name=\"twitter:card\" content=\"summary_large_image\" \/>\n<meta name=\"twitter:label1\" content=\"Tiempo de lectura\" \/>\n\t<meta name=\"twitter:data1\" content=\"2 minutos\" \/>\n<script type=\"application\/ld+json\" class=\"yoast-schema-graph\">{\"@context\":\"https:\/\/schema.org\",\"@graph\":[{\"@type\":\"WebPage\",\"@id\":\"https:\/\/cecotec.es\/cecorent\/drumfit-cycle-6000-pegasus\/\",\"url\":\"https:\/\/cecotec.es\/cecorent\/drumfit-cycle-6000-pegasus\/\",\"name\":\"Alquiler de DrumFit Cycle 6000 Pegasus | CecoRent by Cecotec\",\"isPartOf\":{\"@id\":\"https:\/\/cecotec.es\/cecorent\/#website\"},\"primaryImageOfPage\":{\"@id\":\"https:\/\/cecotec.es\/cecorent\/drumfit-cycle-6000-pegasus\/#primaryimage\"},\"image\":{\"@id\":\"https:\/\/cecotec.es\/cecorent\/drumfit-cycle-6000-pegasus\/#primaryimage\"},\"thumbnailUrl\":\"https:\/\/cecorent.cecotec.es\/cecorent\/wp-content\/uploads\/2023\/01\/drumfit-cycle-6000-pegasus_1.png\",\"datePublished\":\"2023-01-16T06:33:12+00:00\",\"dateModified\":\"2025-03-20T12:03:23+00:00\",\"description\":\"Disponible el alquiler de DrumFit Cycle 6000 Pegasus de Cecotec. Alquiler y suscripci\u00f3n con env\u00edo gratuito para toda la Pen\u00ednsula. \u00a1Mejora tu vida con Cecorent hoy!\",\"breadcrumb\":{\"@id\":\"https:\/\/cecotec.es\/cecorent\/drumfit-cycle-6000-pegasus\/#breadcrumb\"},\"inLanguage\":\"es\",\"potentialAction\":[{\"@type\":\"ReadAction\",\"target\":[\"https:\/\/cecotec.es\/cecorent\/drumfit-cycle-6000-pegasus\/\"]}]},{\"@type\":\"ImageObject\",\"inLanguage\":\"es\",\"@id\":\"https:\/\/cecotec.es\/cecorent\/drumfit-cycle-6000-pegasus\/#primaryimage\",\"url\":\"https:\/\/cecorent.cecotec.es\/cecorent\/wp-content\/uploads\/2023\/01\/drumfit-cycle-6000-pegasus_1.png\",\"contentUrl\":\"https:\/\/cecorent.cecotec.es\/cecorent\/wp-content\/uploads\/2023\/01\/drumfit-cycle-6000-pegasus_1.png\",\"width\":2048,\"height\":2048},{\"@type\":\"BreadcrumbList\",\"@id\":\"https:\/\/cecotec.es\/cecorent\/drumfit-cycle-6000-pegasus\/#breadcrumb\",\"itemListElement\":[{\"@type\":\"ListItem\",\"position\":1,\"name\":\"Inicio\",\"item\":\"https:\/\/cecotec.es\/cecorent\/\"},{\"@type\":\"ListItem\",\"position\":2,\"name\":\"Tienda\",\"item\":\"https:\/\/cecotec.es\/cecorent\/tienda\/\"},{\"@type\":\"ListItem\",\"position\":3,\"name\":\"Suscripci\u00f3n\",\"item\":\"https:\/\/cecotec.es\/cecorent\/suscripcion\/\"},{\"@type\":\"ListItem\",\"position\":4,\"name\":\"Fitness\",\"item\":\"https:\/\/cecotec.es\/cecorent\/fitness\/\"},{\"@type\":\"ListItem\",\"position\":5,\"name\":\"Bicicletas Est\u00e1ticas e Indoor\",\"item\":\"https:\/\/cecotec.es\/cecorent\/bicicletas-estaticas-e-indoor\/\"},{\"@type\":\"ListItem\",\"position\":6,\"name\":\"DrumFit Cycle 6000 Pegasus\"}]},{\"@type\":\"WebSite\",\"@id\":\"https:\/\/cecotec.es\/cecorent\/#website\",\"url\":\"https:\/\/cecotec.es\/cecorent\/\",\"name\":\"CecoRent\",\"description\":\"CecoRent\",\"publisher\":{\"@id\":\"https:\/\/cecotec.es\/cecorent\/#organization\"},\"potentialAction\":[{\"@type\":\"SearchAction\",\"target\":{\"@type\":\"EntryPoint\",\"urlTemplate\":\"https:\/\/cecotec.es\/cecorent\/?s={search_term_string}\"},\"query-input\":{\"@type\":\"PropertyValueSpecification\",\"valueRequired\":true,\"valueName\":\"search_term_string\"}}],\"inLanguage\":\"es\"},{\"@type\":\"Organization\",\"@id\":\"https:\/\/cecotec.es\/cecorent\/#organization\",\"name\":\"CecoRent\",\"url\":\"https:\/\/cecotec.es\/cecorent\/\",\"logo\":{\"@type\":\"ImageObject\",\"inLanguage\":\"es\",\"@id\":\"https:\/\/cecotec.es\/cecorent\/#\/schema\/logo\/image\/\",\"url\":\"https:\/\/cecotec.es\/cecorent\/wp-content\/uploads\/2022\/07\/CECORENT.png\",\"contentUrl\":\"https:\/\/cecotec.es\/cecorent\/wp-content\/uploads\/2022\/07\/CECORENT.png\",\"width\":184,\"height\":24,\"caption\":\"CecoRent\"},\"image\":{\"@id\":\"https:\/\/cecotec.es\/cecorent\/#\/schema\/logo\/image\/\"}}]}<\/script>\n<!-- \/ Yoast SEO plugin. -->","yoast_head_json":{"title":"Alquiler de DrumFit Cycle 6000 Pegasus | CecoRent by Cecotec","description":"Disponible el alquiler de DrumFit Cycle 6000 Pegasus de Cecotec. Alquiler y suscripci\u00f3n con env\u00edo gratuito para toda la Pen\u00ednsula. \u00a1Mejora tu vida con Cecorent hoy!","robots":{"index":"index","follow":"follow","max-snippet":"max-snippet:-1","max-image-preview":"max-image-preview:large","max-video-preview":"max-video-preview:-1"},"canonical":"https:\/\/cecotec.es\/cecorent\/drumfit-cycle-6000-pegasus\/","og_locale":"es_ES","og_type":"article","og_title":"Alquiler de DrumFit Cycle 6000 Pegasus | CecoRent by Cecotec","og_description":"Disponible el alquiler de DrumFit Cycle 6000 Pegasus de Cecotec. Alquiler y suscripci\u00f3n con env\u00edo gratuito para toda la Pen\u00ednsula. \u00a1Mejora tu vida con Cecorent hoy!","og_url":"https:\/\/cecotec.es\/cecorent\/drumfit-cycle-6000-pegasus\/","og_site_name":"CecoRent","article_modified_time":"2025-03-20T12:03:23+00:00","og_image":[{"width":2048,"height":2048,"url":"https:\/\/cecotec.es\/cecorent\/wp-content\/uploads\/2023\/01\/drumfit-cycle-6000-pegasus_1.png","type":"image\/png"}],"twitter_card":"summary_large_image","twitter_misc":{"Tiempo de lectura":"2 minutos"},"schema":{"@context":"https:\/\/schema.org","@graph":[{"@type":"WebPage","@id":"https:\/\/cecotec.es\/cecorent\/drumfit-cycle-6000-pegasus\/","url":"https:\/\/cecotec.es\/cecorent\/drumfit-cycle-6000-pegasus\/","name":"Alquiler de DrumFit Cycle 6000 Pegasus | CecoRent by Cecotec","isPartOf":{"@id":"https:\/\/cecotec.es\/cecorent\/#website"},"primaryImageOfPage":{"@id":"https:\/\/cecotec.es\/cecorent\/drumfit-cycle-6000-pegasus\/#primaryimage"},"image":{"@id":"https:\/\/cecotec.es\/cecorent\/drumfit-cycle-6000-pegasus\/#primaryimage"},"thumbnailUrl":"https:\/\/cecorent.cecotec.es\/cecorent\/wp-content\/uploads\/2023\/01\/drumfit-cycle-6000-pegasus_1.png","datePublished":"2023-01-16T06:33:12+00:00","dateModified":"2025-03-20T12:03:23+00:00","description":"Disponible el alquiler de DrumFit Cycle 6000 Pegasus de Cecotec. Alquiler y suscripci\u00f3n con env\u00edo gratuito para toda la Pen\u00ednsula. \u00a1Mejora tu vida con Cecorent hoy!","breadcrumb":{"@id":"https:\/\/cecotec.es\/cecorent\/drumfit-cycle-6000-pegasus\/#breadcrumb"},"inLanguage":"es","potentialAction":[{"@type":"ReadAction","target":["https:\/\/cecotec.es\/cecorent\/drumfit-cycle-6000-pegasus\/"]}]},{"@type":"ImageObject","inLanguage":"es","@id":"https:\/\/cecotec.es\/cecorent\/drumfit-cycle-6000-pegasus\/#primaryimage","url":"https:\/\/cecorent.cecotec.es\/cecorent\/wp-content\/uploads\/2023\/01\/drumfit-cycle-6000-pegasus_1.png","contentUrl":"https:\/\/cecorent.cecotec.es\/cecorent\/wp-content\/uploads\/2023\/01\/drumfit-cycle-6000-pegasus_1.png","width":2048,"height":2048},{"@type":"BreadcrumbList","@id":"https:\/\/cecotec.es\/cecorent\/drumfit-cycle-6000-pegasus\/#breadcrumb","itemListElement":[{"@type":"ListItem","position":1,"name":"Inicio","item":"https:\/\/cecotec.es\/cecorent\/"},{"@type":"ListItem","position":2,"name":"Tienda","item":"https:\/\/cecotec.es\/cecorent\/tienda\/"},{"@type":"ListItem","position":3,"name":"Suscripci\u00f3n","item":"https:\/\/cecotec.es\/cecorent\/suscripcion\/"},{"@type":"ListItem","position":4,"name":"Fitness","item":"https:\/\/cecotec.es\/cecorent\/fitness\/"},{"@type":"ListItem","position":5,"name":"Bicicletas Est\u00e1ticas e Indoor","item":"https:\/\/cecotec.es\/cecorent\/bicicletas-estaticas-e-indoor\/"},{"@type":"ListItem","position":6,"name":"DrumFit Cycle 6000 Pegasus"}]},{"@type":"WebSite","@id":"https:\/\/cecotec.es\/cecorent\/#website","url":"https:\/\/cecotec.es\/cecorent\/","name":"CecoRent","description":"CecoRent","publisher":{"@id":"https:\/\/cecotec.es\/cecorent\/#organization"},"potentialAction":[{"@type":"SearchAction","target":{"@type":"EntryPoint","urlTemplate":"https:\/\/cecotec.es\/cecorent\/?s={search_term_string}"},"query-input":{"@type":"PropertyValueSpecification","valueRequired":true,"valueName":"search_term_string"}}],"inLanguage":"es"},{"@type":"Organization","@id":"https:\/\/cecotec.es\/cecorent\/#organization","name":"CecoRent","url":"https:\/\/cecotec.es\/cecorent\/","logo":{"@type":"ImageObject","inLanguage":"es","@id":"https:\/\/cecotec.es\/cecorent\/#\/schema\/logo\/image\/","url":"https:\/\/cecotec.es\/cecorent\/wp-content\/uploads\/2022\/07\/CECORENT.png","contentUrl":"https:\/\/cecotec.es\/cecorent\/wp-content\/uploads\/2022\/07\/CECORENT.png","width":184,"height":24,"caption":"CecoRent"},"image":{"@id":"https:\/\/cecotec.es\/cecorent\/#\/schema\/logo\/image\/"}}]}},"_links":{"self":[{"href":"https:\/\/cecorent.cecotec.es\/cecorent\/wp-json\/wp\/v2\/product\/16057"}],"collection":[{"href":"https:\/\/cecorent.cecotec.es\/cecorent\/wp-json\/wp\/v2\/product"}],"about":[{"href":"https:\/\/cecorent.cecotec.es\/cecorent\/wp-json\/wp\/v2\/types\/product"}],"wp:featuredmedia":[{"embeddable":true,"href":"https:\/\/cecorent.cecotec.es\/cecorent\/wp-json\/wp\/v2\/media\/16058"}],"wp:attachment":[{"href":"https:\/\/cecorent.cecotec.es\/cecorent\/wp-json\/wp\/v2\/media?parent=16057"}],"wp:term":[{"taxonomy":"product_brand","embeddable":true,"href":"https:\/\/cecorent.cecotec.es\/cecorent\/wp-json\/wp\/v2\/product_brand?post=16057"},{"taxonomy":"product_cat","embeddable":true,"href":"https:\/\/cecorent.cecotec.es\/cecorent\/wp-json\/wp\/v2\/product_cat?post=16057"},{"taxonomy":"product_tag","embeddable":true,"href":"https:\/\/cecorent.cecotec.es\/cecorent\/wp-json\/wp\/v2\/product_tag?post=16057"}],"curies":[{"name":"wp","href":"https:\/\/api.w.org\/{rel}","templated":true}]}}