{"id":16055,"date":"2023-01-16T07:23:58","date_gmt":"2023-01-16T06:23:58","guid":{"rendered":"https:\/\/cecotec.newe.es\/?post_type=product&#038;p=16055"},"modified":"2025-03-19T09:56:33","modified_gmt":"2025-03-19T08:56:33","slug":"ultraflex-25","status":"publish","type":"product","link":"https:\/\/cecorent.cecotec.es\/cecorent\/ultraflex-25\/","title":{"rendered":"UltraFlex 25"},"content":{"rendered":"<p>Bicicleta indoor din\u00e1mica UltraFlex 25 de Cecotec. Sistema de amortiguaci\u00f3n UltraFlex. Volante de inercia de 25 kg. Silenciosa. Ergon\u00f3mica. Sill\u00edn deportivo. Manillar de triatl\u00f3n. Resistencia variable. Freno de emergencia. Pantalla LCD. Puls\u00f3metro. Calapi\u00e9s. Ruedas.<\/p>\n<ul>\n<li>Bicicleta indoor din\u00e1mica para un entrenamiento avanzado e innovador.<\/li>\n<li>Ultraflex System: novedoso sistema de amortiguaci\u00f3n que permite realizar un ejercicio din\u00e1mico, consiguiendo sensaciones de una bicicleta de carretera real.<\/li>\n<li>Volante de inercia de 25 kg para satisfacer a los usuarios m\u00e1s exigentes con un entrenamiento completamente fluido.<\/li>\n<li>Silence Fit System: pedaleo \u00e1gil y silencioso gracias a su correa de transmisi\u00f3n de gran calidad.<\/li>\n<li>Ergonomic Adjust System: ergonom\u00eda avanzada que se adapta a ti gracias a sus elementos totalmente ajustables y a su dise\u00f1o robusto y estable, logrando una posici\u00f3n \u00f3ptima de entrenamiento:<\/li>\n<li>Manillar de triatl\u00f3n regulable en altura, revestido de espuma antideslizante.<\/li>\n<li>Sill\u00edn deportivo confort regulable vertical y horizontalmente, acolchado para garantizar la m\u00e1xima comodidad durante usos prolongados.<\/li>\n<li>Custom Resistance: niveles de resistencia variables que simulan un entrenamiento en diferentes entornos.<\/li>\n<li>Security Brake: entrena con total seguridad y evita posibles lesiones gracias a su frenado de emergencia.<\/li>\n<li>Panel de control con pantalla LCD que muestra los siguientes par\u00e1metros: velocidad, tiempo, distancia recorrida, calor\u00edas consumidas y pulsaciones. La funci\u00f3n Scan controla tu entrenamiento en cada momento.<\/li>\n<li>Puls\u00f3metro que registra la frecuencia card\u00edaca mientras realizas tus rutinas diarias.<\/li>\n<li>Pedales con calapi\u00e9s para conseguir el m\u00e1ximo agarre.<\/li>\n<li>Incorpora barras estabilizadoras con ventosas para asegurar la m\u00e1xima fijaci\u00f3n al suelo y ruedas para facilitar su desplazamiento.<\/li>\n<li>Cuidamos hasta el \u00faltimo detalle: incorpora soporte para smartphone.<\/li>\n<li>Distancia m\u00e1xima sill\u00edn suelo: 98 cm<\/li>\n<li>Distancia m\u00e1xima sill\u00edn pedal: 82 cm<\/li>\n<li>Peso m\u00e1ximo: 120 kg<\/li>\n<\/ul>\n","protected":false},"excerpt":{"rendered":"<p><span data-sheets-value=\"{&quot;1&quot;:2,&quot;2&quot;:&quot;Bicicleta indoor.nManual de instrucciones.nSoporte para dispositivos.&quot;}\" data-sheets-userformat=\"{&quot;2&quot;:13119,&quot;3&quot;:{&quot;1&quot;:0},&quot;4&quot;:{&quot;1&quot;:2,&quot;2&quot;:16777215},&quot;5&quot;:{&quot;1&quot;:[{&quot;1&quot;:2,&quot;2&quot;:0,&quot;5&quot;:{&quot;1&quot;:2,&quot;2&quot;:0}},{&quot;1&quot;:0,&quot;2&quot;:0,&quot;3&quot;:3},{&quot;1&quot;:1,&quot;2&quot;:0,&quot;4&quot;:1}]},&quot;6&quot;:{&quot;1&quot;:[{&quot;1&quot;:2,&quot;2&quot;:0,&quot;5&quot;:{&quot;1&quot;:2,&quot;2&quot;:0}},{&quot;1&quot;:0,&quot;2&quot;:0,&quot;3&quot;:3},{&quot;1&quot;:1,&quot;2&quot;:0,&quot;4&quot;:1}]},&quot;7&quot;:{&quot;1&quot;:[{&quot;1&quot;:2,&quot;2&quot;:0,&quot;5&quot;:{&quot;1&quot;:2,&quot;2&quot;:0}},{&quot;1&quot;:0,&quot;2&quot;:0,&quot;3&quot;:3},{&quot;1&quot;:1,&quot;2&quot;:0,&quot;4&quot;:1}]},&quot;8&quot;:{&quot;1&quot;:[{&quot;1&quot;:2,&quot;2&quot;:0,&quot;5&quot;:{&quot;1&quot;:2,&quot;2&quot;:0}},{&quot;1&quot;:0,&quot;2&quot;:0,&quot;3&quot;:3},{&quot;1&quot;:1,&quot;2&quot;:0,&quot;4&quot;:1}]},&quot;11&quot;:3,&quot;12&quot;:0,&quot;15&quot;:&quot;Calibri&quot;,&quot;16&quot;:9}\">Bicicleta indoor.<br \/>\nManual de instrucciones.<br \/>\nSoporte para dispositivos.<\/span><\/p>\n","protected":false},"featured_media":16056,"template":"","meta":{"content-type":""},"product_brand":[],"product_cat":[171],"product_tag":[],"class_list":{"0":"post-16055","1":"product","2":"type-product","3":"status-publish","4":"has-post-thumbnail","6":"product_cat-bicicletas-estaticas-e-indoor","8":"first","9":"outofstock","10":"shipping-taxable","11":"purchasable","12":"product-type-variable"},"acf":[],"yoast_head":"<!-- This site is optimized with the Yoast SEO plugin v23.4 - https:\/\/yoast.com\/wordpress\/plugins\/seo\/ -->\n<title>Alquiler de UltraFlex 25 | CecoRent by Cecotec<\/title>\n<meta name=\"description\" content=\"Disponible el alquiler de UltraFlex 25 de Cecotec. Alquiler y suscripci\u00f3n con env\u00edo gratuito para toda la Pen\u00ednsula. \u00a1Mejora tu vida con Cecorent hoy!\" \/>\n<meta name=\"robots\" content=\"index, follow, max-snippet:-1, max-image-preview:large, max-video-preview:-1\" \/>\n<link rel=\"canonical\" href=\"https:\/\/cecotec.es\/cecorent\/ultraflex-25\/\" \/>\n<meta property=\"og:locale\" content=\"es_ES\" \/>\n<meta property=\"og:type\" content=\"article\" \/>\n<meta property=\"og:title\" content=\"Alquiler de UltraFlex 25 | CecoRent by Cecotec\" \/>\n<meta property=\"og:description\" content=\"Disponible el alquiler de UltraFlex 25 de Cecotec. Alquiler y suscripci\u00f3n con env\u00edo gratuito para toda la Pen\u00ednsula. \u00a1Mejora tu vida con Cecorent hoy!\" \/>\n<meta property=\"og:url\" content=\"https:\/\/cecotec.es\/cecorent\/ultraflex-25\/\" \/>\n<meta property=\"og:site_name\" content=\"CecoRent\" \/>\n<meta property=\"article:modified_time\" content=\"2025-03-19T08:56:33+00:00\" \/>\n<meta property=\"og:image\" content=\"https:\/\/cecotec.es\/cecorent\/wp-content\/uploads\/2023\/01\/ultraflex-25_1-1024x1024.png\" \/>\n\t<meta property=\"og:image:width\" content=\"1024\" \/>\n\t<meta property=\"og:image:height\" content=\"1024\" \/>\n\t<meta property=\"og:image:type\" content=\"image\/png\" \/>\n<meta name=\"twitter:card\" content=\"summary_large_image\" \/>\n<meta name=\"twitter:label1\" content=\"Tiempo de lectura\" \/>\n\t<meta name=\"twitter:data1\" content=\"2 minutos\" \/>\n<script type=\"application\/ld+json\" class=\"yoast-schema-graph\">{\"@context\":\"https:\/\/schema.org\",\"@graph\":[{\"@type\":\"WebPage\",\"@id\":\"https:\/\/cecotec.es\/cecorent\/ultraflex-25\/\",\"url\":\"https:\/\/cecotec.es\/cecorent\/ultraflex-25\/\",\"name\":\"Alquiler de UltraFlex 25 | CecoRent by Cecotec\",\"isPartOf\":{\"@id\":\"https:\/\/cecotec.es\/cecorent\/#website\"},\"primaryImageOfPage\":{\"@id\":\"https:\/\/cecotec.es\/cecorent\/ultraflex-25\/#primaryimage\"},\"image\":{\"@id\":\"https:\/\/cecotec.es\/cecorent\/ultraflex-25\/#primaryimage\"},\"thumbnailUrl\":\"https:\/\/cecorent.cecotec.es\/cecorent\/wp-content\/uploads\/2023\/01\/ultraflex-25_1.png\",\"datePublished\":\"2023-01-16T06:23:58+00:00\",\"dateModified\":\"2025-03-19T08:56:33+00:00\",\"description\":\"Disponible el alquiler de UltraFlex 25 de Cecotec. Alquiler y suscripci\u00f3n con env\u00edo gratuito para toda la Pen\u00ednsula. \u00a1Mejora tu vida con Cecorent hoy!\",\"breadcrumb\":{\"@id\":\"https:\/\/cecotec.es\/cecorent\/ultraflex-25\/#breadcrumb\"},\"inLanguage\":\"es\",\"potentialAction\":[{\"@type\":\"ReadAction\",\"target\":[\"https:\/\/cecotec.es\/cecorent\/ultraflex-25\/\"]}]},{\"@type\":\"ImageObject\",\"inLanguage\":\"es\",\"@id\":\"https:\/\/cecotec.es\/cecorent\/ultraflex-25\/#primaryimage\",\"url\":\"https:\/\/cecorent.cecotec.es\/cecorent\/wp-content\/uploads\/2023\/01\/ultraflex-25_1.png\",\"contentUrl\":\"https:\/\/cecorent.cecotec.es\/cecorent\/wp-content\/uploads\/2023\/01\/ultraflex-25_1.png\",\"width\":2048,\"height\":2048},{\"@type\":\"BreadcrumbList\",\"@id\":\"https:\/\/cecotec.es\/cecorent\/ultraflex-25\/#breadcrumb\",\"itemListElement\":[{\"@type\":\"ListItem\",\"position\":1,\"name\":\"Inicio\",\"item\":\"https:\/\/cecotec.es\/cecorent\/\"},{\"@type\":\"ListItem\",\"position\":2,\"name\":\"Tienda\",\"item\":\"https:\/\/cecotec.es\/cecorent\/tienda\/\"},{\"@type\":\"ListItem\",\"position\":3,\"name\":\"Suscripci\u00f3n\",\"item\":\"https:\/\/cecotec.es\/cecorent\/suscripcion\/\"},{\"@type\":\"ListItem\",\"position\":4,\"name\":\"Fitness\",\"item\":\"https:\/\/cecotec.es\/cecorent\/fitness\/\"},{\"@type\":\"ListItem\",\"position\":5,\"name\":\"Bicicletas Est\u00e1ticas e Indoor\",\"item\":\"https:\/\/cecotec.es\/cecorent\/bicicletas-estaticas-e-indoor\/\"},{\"@type\":\"ListItem\",\"position\":6,\"name\":\"UltraFlex 25\"}]},{\"@type\":\"WebSite\",\"@id\":\"https:\/\/cecotec.es\/cecorent\/#website\",\"url\":\"https:\/\/cecotec.es\/cecorent\/\",\"name\":\"CecoRent\",\"description\":\"CecoRent\",\"publisher\":{\"@id\":\"https:\/\/cecotec.es\/cecorent\/#organization\"},\"potentialAction\":[{\"@type\":\"SearchAction\",\"target\":{\"@type\":\"EntryPoint\",\"urlTemplate\":\"https:\/\/cecotec.es\/cecorent\/?s={search_term_string}\"},\"query-input\":{\"@type\":\"PropertyValueSpecification\",\"valueRequired\":true,\"valueName\":\"search_term_string\"}}],\"inLanguage\":\"es\"},{\"@type\":\"Organization\",\"@id\":\"https:\/\/cecotec.es\/cecorent\/#organization\",\"name\":\"CecoRent\",\"url\":\"https:\/\/cecotec.es\/cecorent\/\",\"logo\":{\"@type\":\"ImageObject\",\"inLanguage\":\"es\",\"@id\":\"https:\/\/cecotec.es\/cecorent\/#\/schema\/logo\/image\/\",\"url\":\"https:\/\/cecotec.es\/cecorent\/wp-content\/uploads\/2022\/07\/CECORENT.png\",\"contentUrl\":\"https:\/\/cecotec.es\/cecorent\/wp-content\/uploads\/2022\/07\/CECORENT.png\",\"width\":184,\"height\":24,\"caption\":\"CecoRent\"},\"image\":{\"@id\":\"https:\/\/cecotec.es\/cecorent\/#\/schema\/logo\/image\/\"}}]}<\/script>\n<!-- \/ Yoast SEO plugin. -->","yoast_head_json":{"title":"Alquiler de UltraFlex 25 | CecoRent by Cecotec","description":"Disponible el alquiler de UltraFlex 25 de Cecotec. Alquiler y suscripci\u00f3n con env\u00edo gratuito para toda la Pen\u00ednsula. \u00a1Mejora tu vida con Cecorent hoy!","robots":{"index":"index","follow":"follow","max-snippet":"max-snippet:-1","max-image-preview":"max-image-preview:large","max-video-preview":"max-video-preview:-1"},"canonical":"https:\/\/cecotec.es\/cecorent\/ultraflex-25\/","og_locale":"es_ES","og_type":"article","og_title":"Alquiler de UltraFlex 25 | CecoRent by Cecotec","og_description":"Disponible el alquiler de UltraFlex 25 de Cecotec. Alquiler y suscripci\u00f3n con env\u00edo gratuito para toda la Pen\u00ednsula. \u00a1Mejora tu vida con Cecorent hoy!","og_url":"https:\/\/cecotec.es\/cecorent\/ultraflex-25\/","og_site_name":"CecoRent","article_modified_time":"2025-03-19T08:56:33+00:00","og_image":[{"width":1024,"height":1024,"url":"https:\/\/cecotec.es\/cecorent\/wp-content\/uploads\/2023\/01\/ultraflex-25_1-1024x1024.png","type":"image\/png"}],"twitter_card":"summary_large_image","twitter_misc":{"Tiempo de lectura":"2 minutos"},"schema":{"@context":"https:\/\/schema.org","@graph":[{"@type":"WebPage","@id":"https:\/\/cecotec.es\/cecorent\/ultraflex-25\/","url":"https:\/\/cecotec.es\/cecorent\/ultraflex-25\/","name":"Alquiler de UltraFlex 25 | CecoRent by Cecotec","isPartOf":{"@id":"https:\/\/cecotec.es\/cecorent\/#website"},"primaryImageOfPage":{"@id":"https:\/\/cecotec.es\/cecorent\/ultraflex-25\/#primaryimage"},"image":{"@id":"https:\/\/cecotec.es\/cecorent\/ultraflex-25\/#primaryimage"},"thumbnailUrl":"https:\/\/cecorent.cecotec.es\/cecorent\/wp-content\/uploads\/2023\/01\/ultraflex-25_1.png","datePublished":"2023-01-16T06:23:58+00:00","dateModified":"2025-03-19T08:56:33+00:00","description":"Disponible el alquiler de UltraFlex 25 de Cecotec. Alquiler y suscripci\u00f3n con env\u00edo gratuito para toda la Pen\u00ednsula. \u00a1Mejora tu vida con Cecorent hoy!","breadcrumb":{"@id":"https:\/\/cecotec.es\/cecorent\/ultraflex-25\/#breadcrumb"},"inLanguage":"es","potentialAction":[{"@type":"ReadAction","target":["https:\/\/cecotec.es\/cecorent\/ultraflex-25\/"]}]},{"@type":"ImageObject","inLanguage":"es","@id":"https:\/\/cecotec.es\/cecorent\/ultraflex-25\/#primaryimage","url":"https:\/\/cecorent.cecotec.es\/cecorent\/wp-content\/uploads\/2023\/01\/ultraflex-25_1.png","contentUrl":"https:\/\/cecorent.cecotec.es\/cecorent\/wp-content\/uploads\/2023\/01\/ultraflex-25_1.png","width":2048,"height":2048},{"@type":"BreadcrumbList","@id":"https:\/\/cecotec.es\/cecorent\/ultraflex-25\/#breadcrumb","itemListElement":[{"@type":"ListItem","position":1,"name":"Inicio","item":"https:\/\/cecotec.es\/cecorent\/"},{"@type":"ListItem","position":2,"name":"Tienda","item":"https:\/\/cecotec.es\/cecorent\/tienda\/"},{"@type":"ListItem","position":3,"name":"Suscripci\u00f3n","item":"https:\/\/cecotec.es\/cecorent\/suscripcion\/"},{"@type":"ListItem","position":4,"name":"Fitness","item":"https:\/\/cecotec.es\/cecorent\/fitness\/"},{"@type":"ListItem","position":5,"name":"Bicicletas Est\u00e1ticas e Indoor","item":"https:\/\/cecotec.es\/cecorent\/bicicletas-estaticas-e-indoor\/"},{"@type":"ListItem","position":6,"name":"UltraFlex 25"}]},{"@type":"WebSite","@id":"https:\/\/cecotec.es\/cecorent\/#website","url":"https:\/\/cecotec.es\/cecorent\/","name":"CecoRent","description":"CecoRent","publisher":{"@id":"https:\/\/cecotec.es\/cecorent\/#organization"},"potentialAction":[{"@type":"SearchAction","target":{"@type":"EntryPoint","urlTemplate":"https:\/\/cecotec.es\/cecorent\/?s={search_term_string}"},"query-input":{"@type":"PropertyValueSpecification","valueRequired":true,"valueName":"search_term_string"}}],"inLanguage":"es"},{"@type":"Organization","@id":"https:\/\/cecotec.es\/cecorent\/#organization","name":"CecoRent","url":"https:\/\/cecotec.es\/cecorent\/","logo":{"@type":"ImageObject","inLanguage":"es","@id":"https:\/\/cecotec.es\/cecorent\/#\/schema\/logo\/image\/","url":"https:\/\/cecotec.es\/cecorent\/wp-content\/uploads\/2022\/07\/CECORENT.png","contentUrl":"https:\/\/cecotec.es\/cecorent\/wp-content\/uploads\/2022\/07\/CECORENT.png","width":184,"height":24,"caption":"CecoRent"},"image":{"@id":"https:\/\/cecotec.es\/cecorent\/#\/schema\/logo\/image\/"}}]}},"_links":{"self":[{"href":"https:\/\/cecorent.cecotec.es\/cecorent\/wp-json\/wp\/v2\/product\/16055"}],"collection":[{"href":"https:\/\/cecorent.cecotec.es\/cecorent\/wp-json\/wp\/v2\/product"}],"about":[{"href":"https:\/\/cecorent.cecotec.es\/cecorent\/wp-json\/wp\/v2\/types\/product"}],"wp:featuredmedia":[{"embeddable":true,"href":"https:\/\/cecorent.cecotec.es\/cecorent\/wp-json\/wp\/v2\/media\/16056"}],"wp:attachment":[{"href":"https:\/\/cecorent.cecotec.es\/cecorent\/wp-json\/wp\/v2\/media?parent=16055"}],"wp:term":[{"taxonomy":"product_brand","embeddable":true,"href":"https:\/\/cecorent.cecotec.es\/cecorent\/wp-json\/wp\/v2\/product_brand?post=16055"},{"taxonomy":"product_cat","embeddable":true,"href":"https:\/\/cecorent.cecotec.es\/cecorent\/wp-json\/wp\/v2\/product_cat?post=16055"},{"taxonomy":"product_tag","embeddable":true,"href":"https:\/\/cecorent.cecotec.es\/cecorent\/wp-json\/wp\/v2\/product_tag?post=16055"}],"curies":[{"name":"wp","href":"https:\/\/api.w.org\/{rel}","templated":true}]}}